{"id":32,"date":"2023-12-21T21:37:25","date_gmt":"2023-12-21T21:37:25","guid":{"rendered":"http:\/\/spektrem.cz\/?page_id=32"},"modified":"2024-02-13T15:34:36","modified_gmt":"2024-02-13T14:34:36","slug":"dila","status":"publish","type":"page","link":"https:\/\/spektrem.cz\/en\/vytvarime\/dila\/","title":{"rendered":"ARTWORKS"},"content":{"rendered":"<div data-elementor-type=\"wp-page\" data-elementor-id=\"32\" class=\"elementor elementor-32\">\n\t\t\t\t<div class=\"elementor-element elementor-element-4a23346b e-flex e-con-boxed e-con e-parent\" data-id=\"4a23346b\" data-element_type=\"container\" data-e-type=\"container\">\n\t\t\t\t\t<div class=\"e-con-inner\">\n\t\t\t\t<div class=\"elementor-element elementor-element-72f8a8d0 elementor-widget-divider--view-line elementor-widget elementor-widget-divider\" data-id=\"72f8a8d0\" data-element_type=\"widget\" data-e-type=\"widget\" data-widget_type=\"divider.default\">\n\t\t\t\t\t\t\t<div class=\"elementor-divider\">\n\t\t\t<span class=\"elementor-divider-separator\">\n\t\t\t\t\t\t<\/span>\n\t\t<\/div>\n\t\t\t\t\t\t<\/div>\n\t\t\t\t\t<\/div>\n\t\t\t\t<\/div>\n\t\t<div class=\"elementor-element elementor-element-4398b5fe e-flex e-con-boxed e-con e-parent\" data-id=\"4398b5fe\" data-element_type=\"container\" data-e-type=\"container\">\n\t\t\t\t\t<div class=\"e-con-inner\">\n\t\t\t\t<div class=\"elementor-element elementor-element-4613e2d3 elementor-widget-divider--view-line elementor-widget elementor-widget-divider\" data-id=\"4613e2d3\" data-element_type=\"widget\" data-e-type=\"widget\" data-widget_type=\"divider.default\">\n\t\t\t\t\t\t\t<div class=\"elementor-divider\">\n\t\t\t<span class=\"elementor-divider-separator\">\n\t\t\t\t\t\t<\/span>\n\t\t<\/div>\n\t\t\t\t\t\t<\/div>\n\t\t\t\t\t<\/div>\n\t\t\t\t<\/div>\n\t\t<div class=\"elementor-element elementor-element-1676eaa3 e-flex e-con-boxed e-con e-parent\" data-id=\"1676eaa3\" data-element_type=\"container\" data-e-type=\"container\">\n\t\t\t\t\t<div class=\"e-con-inner\">\n\t\t\t\t<div class=\"elementor-element elementor-element-3f4ca6d1 elementor-widget elementor-widget-heading\" data-id=\"3f4ca6d1\" data-element_type=\"widget\" data-e-type=\"widget\" data-widget_type=\"heading.default\">\n\t\t\t\t\t<h1 class=\"elementor-heading-title elementor-size-default\">ARTWORKS<\/h1>\t\t\t\t<\/div>\n\t\t\t\t\t<\/div>\n\t\t\t\t<\/div>\n\t\t<div class=\"elementor-element elementor-element-6b148765 e-flex e-con-boxed e-con e-parent\" data-id=\"6b148765\" data-element_type=\"container\" data-e-type=\"container\">\n\t\t\t\t\t<div class=\"e-con-inner\">\n\t\t\t\t<div class=\"elementor-element elementor-element-4defaafa elementor-widget-divider--view-line elementor-widget elementor-widget-divider\" data-id=\"4defaafa\" data-element_type=\"widget\" data-e-type=\"widget\" data-widget_type=\"divider.default\">\n\t\t\t\t\t\t\t<div class=\"elementor-divider\">\n\t\t\t<span class=\"elementor-divider-separator\">\n\t\t\t\t\t\t<\/span>\n\t\t<\/div>\n\t\t\t\t\t\t<\/div>\n\t\t\t\t\t<\/div>\n\t\t\t\t<\/div>\n\t\t<div class=\"elementor-element elementor-element-31d75046 e-flex e-con-boxed e-con e-parent\" data-id=\"31d75046\" data-element_type=\"container\" data-e-type=\"container\">\n\t\t\t\t\t<div class=\"e-con-inner\">\n\t\t<div class=\"elementor-element elementor-element-9098a2a e-con-full e-flex e-con e-child\" data-id=\"9098a2a\" data-element_type=\"container\" data-e-type=\"container\">\n\t\t\t\t<div class=\"elementor-element elementor-element-27424062 elementor-widget elementor-widget-text-editor\" data-id=\"27424062\" data-element_type=\"widget\" data-e-type=\"widget\" data-widget_type=\"text-editor.default\">\n\t\t\t\t\t\t\t\t\t<p><strong>The page is being prepared.<\/strong><\/p>\t\t\t\t\t\t\t\t<\/div>\n\t\t\t\t<\/div>\n\t\t<div class=\"elementor-element elementor-element-3ab2d75c e-con-full e-flex e-con e-child\" data-id=\"3ab2d75c\" data-element_type=\"container\" data-e-type=\"container\">\n\t\t\t\t<div class=\"elementor-element elementor-element-125150ce elementor-widget elementor-widget-image\" data-id=\"125150ce\" data-element_type=\"widget\" data-e-type=\"widget\" data-widget_type=\"image.default\">\n\t\t\t\t\t\t\t\t\t\t\t\t\t\t\t<img decoding=\"async\" width=\"150\" height=\"150\" src=\"https:\/\/spektrem.cz\/wp-content\/uploads\/2024\/01\/logo-150x150.png\" class=\"attachment-thumbnail size-thumbnail wp-image-217\" alt=\"\" srcset=\"https:\/\/spektrem.cz\/wp-content\/uploads\/2024\/01\/logo-150x150.png 150w, https:\/\/spektrem.cz\/wp-content\/uploads\/2024\/01\/logo-300x300.png 300w, https:\/\/spektrem.cz\/wp-content\/uploads\/2024\/01\/logo-12x12.png 12w, https:\/\/spektrem.cz\/wp-content\/uploads\/2024\/01\/logo-200x200.png 200w, https:\/\/spektrem.cz\/wp-content\/uploads\/2024\/01\/logo.png 500w\" sizes=\"(max-width: 150px) 100vw, 150px\" \/>\t\t\t\t\t\t\t\t\t\t\t\t\t\t\t<\/div>\n\t\t\t\t<\/div>\n\t\t\t\t\t<\/div>\n\t\t\t\t<\/div>\n\t\t<div class=\"elementor-element elementor-element-5aa2c6df e-flex e-con-boxed e-con e-parent\" data-id=\"5aa2c6df\" data-element_type=\"container\" data-e-type=\"container\">\n\t\t\t\t\t<div class=\"e-con-inner\">\n\t\t\t\t<div class=\"elementor-element elementor-element-4263f0d4 elementor-widget-divider--view-line elementor-widget elementor-widget-divider\" data-id=\"4263f0d4\" data-element_type=\"widget\" data-e-type=\"widget\" data-widget_type=\"divider.default\">\n\t\t\t\t\t\t\t<div class=\"elementor-divider\">\n\t\t\t<span class=\"elementor-divider-separator\">\n\t\t\t\t\t\t<\/span>\n\t\t<\/div>\n\t\t\t\t\t\t<\/div>\n\t\t\t\t\t<\/div>\n\t\t\t\t<\/div>\n\t\t<div class=\"elementor-element elementor-element-6bb012d2 e-flex e-con-boxed e-con e-parent\" data-id=\"6bb012d2\" data-element_type=\"container\" data-e-type=\"container\">\n\t\t\t\t\t<div class=\"e-con-inner\">\n\t\t\t\t<div class=\"elementor-element elementor-element-75e0d193 elementor-align-center elementor-widget elementor-widget-button\" data-id=\"75e0d193\" data-element_type=\"widget\" data-e-type=\"widget\" data-widget_type=\"button.default\">\n\t\t\t\t\t\t\t\t\t\t<a class=\"elementor-button elementor-button-link elementor-size-sm\" href=\"https:\/\/spektrem.cz\/en\/\">\n\t\t\t\t\t\t<span class=\"elementor-button-content-wrapper\">\n\t\t\t\t\t\t\t\t\t<span class=\"elementor-button-text\">SPEKTREM<\/span>\n\t\t\t\t\t<\/span>\n\t\t\t\t\t<\/a>\n\t\t\t\t\t\t\t\t<\/div>\n\t\t\t\t\t<\/div>\n\t\t\t\t<\/div>\n\t\t<div class=\"elementor-element elementor-element-6f75a967 e-flex e-con-boxed e-con e-parent\" data-id=\"6f75a967\" data-element_type=\"container\" data-e-type=\"container\">\n\t\t\t\t\t<div class=\"e-con-inner\">\n\t\t\t\t<div class=\"elementor-element elementor-element-1c50c10a elementor-widget-divider--view-line elementor-widget elementor-widget-divider\" data-id=\"1c50c10a\" data-element_type=\"widget\" data-e-type=\"widget\" data-widget_type=\"divider.default\">\n\t\t\t\t\t\t\t<div class=\"elementor-divider\">\n\t\t\t<span class=\"elementor-divider-separator\">\n\t\t\t\t\t\t<\/span>\n\t\t<\/div>\n\t\t\t\t\t\t<\/div>\n\t\t\t\t\t<\/div>\n\t\t\t\t<\/div>\n\t\t<div class=\"elementor-element elementor-element-79d3cfb e-flex e-con-boxed e-con e-parent\" data-id=\"79d3cfb\" data-element_type=\"container\" data-e-type=\"container\">\n\t\t\t\t\t<div class=\"e-con-inner\">\n\t\t\t\t<div class=\"elementor-element elementor-element-3470b8c elementor-widget elementor-widget-image\" data-id=\"3470b8c\" data-element_type=\"widget\" data-e-type=\"widget\" data-widget_type=\"image.default\">\n\t\t\t\t\t\t\t\t\t\t\t\t\t\t\t\t<a href=\"https:\/\/www.youtube.com\/\">\n\t\t\t\t\t\t\t<img fetchpriority=\"high\" decoding=\"async\" width=\"800\" height=\"600\" src=\"https:\/\/spektrem.cz\/wp-content\/uploads\/2023\/12\/100_6184.jpg\" class=\"attachment-large size-large wp-image-37\" alt=\"\" srcset=\"https:\/\/spektrem.cz\/wp-content\/uploads\/2023\/12\/100_6184.jpg 800w, https:\/\/spektrem.cz\/wp-content\/uploads\/2023\/12\/100_6184-300x225.jpg 300w, https:\/\/spektrem.cz\/wp-content\/uploads\/2023\/12\/100_6184-768x576.jpg 768w\" sizes=\"(max-width: 800px) 100vw, 800px\" \/>\t\t\t\t\t\t\t\t<\/a>\n\t\t\t\t\t\t\t\t\t\t\t\t\t\t\t<\/div>\n\t\t\t\t\t<\/div>\n\t\t\t\t<\/div>\n\t\t<div class=\"elementor-element elementor-element-c6246d4 e-flex e-con-boxed e-con e-parent\" data-id=\"c6246d4\" data-element_type=\"container\" data-e-type=\"container\">\n\t\t\t\t\t<div class=\"e-con-inner\">\n\t\t\t\t<div class=\"elementor-element elementor-element-27f3bbb elementor-widget-divider--view-line elementor-widget elementor-widget-divider\" data-id=\"27f3bbb\" data-element_type=\"widget\" data-e-type=\"widget\" data-widget_type=\"divider.default\">\n\t\t\t\t\t\t\t<div class=\"elementor-divider\">\n\t\t\t<span class=\"elementor-divider-separator\">\n\t\t\t\t\t\t<\/span>\n\t\t<\/div>\n\t\t\t\t\t\t<\/div>\n\t\t\t\t\t<\/div>\n\t\t\t\t<\/div>\n\t\t\t\t<\/div>","protected":false},"excerpt":{"rendered":"<p>D\u00cdLA Str\u00e1nka se p\u0159ipravuje. SPEKTREM<\/p>","protected":false},"author":1,"featured_media":0,"parent":262,"menu_order":2,"comment_status":"closed","ping_status":"closed","template":"","meta":{"site-sidebar-layout":"no-sidebar","site-content-layout":"","ast-site-content-layout":"full-width-container","site-content-style":"default","site-sidebar-style":"default","ast-global-header-display":"","ast-banner-title-visibility":"","ast-main-header-display":"","ast-hfb-above-header-display":"","ast-hfb-below-header-display":"","ast-hfb-mobile-header-display":"","site-post-title":"disabled","ast-breadcrumbs-content":"","ast-featured-img":"disabled","footer-sml-layout":"","ast-disable-related-posts":"","theme-transparent-header-meta":"","adv-header-id-meta":"","stick-header-meta":"","header-above-stick-meta":"","header-main-stick-meta":"","header-below-stick-meta":"","astra-migrate-meta-layouts":"default","ast-page-background-enabled":"default","ast-page-background-meta":{"desktop":{"background-color":"var(--ast-global-color-4)","background-image":"","background-repeat":"repeat","background-position":"center center","background-size":"auto","background-attachment":"scroll","background-type":"","background-media":"","overlay-type":"","overlay-color":"","overlay-opacity":"","overlay-gradient":""},"tablet":{"background-color":"","background-image":"","background-repeat":"repeat","background-position":"center center","background-size":"auto","background-attachment":"scroll","background-type":"","background-media":"","overlay-type":"","overlay-color":"","overlay-opacity":"","overlay-gradient":""},"mobile":{"background-color":"","background-image":"","background-repeat":"repeat","background-position":"center center","background-size":"auto","background-attachment":"scroll","background-type":"","background-media":"","overlay-type":"","overlay-color":"","overlay-opacity":"","overlay-gradient":""}},"ast-content-background-meta":{"desktop":{"background-color":"var(--ast-global-color-5)","background-image":"","background-repeat":"repeat","background-position":"center center","background-size":"auto","background-attachment":"scroll","background-type":"","background-media":"","overlay-type":"","overlay-color":"","overlay-opacity":"","overlay-gradient":""},"tablet":{"background-color":"var(--ast-global-color-5)","background-image":"","background-repeat":"repeat","background-position":"center center","background-size":"auto","background-attachment":"scroll","background-type":"","background-media":"","overlay-type":"","overlay-color":"","overlay-opacity":"","overlay-gradient":""},"mobile":{"background-color":"var(--ast-global-color-5)","background-image":"","background-repeat":"repeat","background-position":"center center","background-size":"auto","background-attachment":"scroll","background-type":"","background-media":"","overlay-type":"","overlay-color":"","overlay-opacity":"","overlay-gradient":""}},"footnotes":""},"class_list":["post-32","page","type-page","status-publish","hentry"],"yoast_head":"<!-- This site is optimized with the Yoast SEO plugin v26.9 - https:\/\/yoast.com\/product\/yoast-seo-wordpress\/ -->\n<title>D\u00cdLA - SPEKTREM<\/title>\n<meta name=\"robots\" content=\"index, follow, max-snippet:-1, max-image-preview:large, max-video-preview:-1\" \/>\n<link rel=\"canonical\" href=\"https:\/\/spektrem.cz\/en\/vytvarime\/dila\/\" \/>\n<meta property=\"og:locale\" content=\"en_GB\" \/>\n<meta property=\"og:type\" content=\"article\" \/>\n<meta property=\"og:title\" content=\"D\u00cdLA - SPEKTREM\" \/>\n<meta property=\"og:description\" content=\"D\u00cdLA Str\u00e1nka se p\u0159ipravuje. SPEKTREM\" \/>\n<meta property=\"og:url\" content=\"https:\/\/spektrem.cz\/en\/vytvarime\/dila\/\" \/>\n<meta property=\"og:site_name\" content=\"SPEKTREM\" \/>\n<meta property=\"article:modified_time\" content=\"2024-02-13T14:34:36+00:00\" \/>\n<meta property=\"og:image\" content=\"https:\/\/spektrem.cz\/wp-content\/uploads\/2024\/01\/logo-150x150.png\" \/>\n<meta name=\"twitter:card\" content=\"summary_large_image\" \/>\n<meta name=\"twitter:label1\" content=\"Estimated reading time\" \/>\n\t<meta name=\"twitter:data1\" content=\"1 minute\" \/>\n<script type=\"application\/ld+json\" class=\"yoast-schema-graph\">{\"@context\":\"https:\/\/schema.org\",\"@graph\":[{\"@type\":\"WebPage\",\"@id\":\"https:\/\/spektrem.cz\/vytvarime\/dila\/\",\"url\":\"https:\/\/spektrem.cz\/vytvarime\/dila\/\",\"name\":\"D\u00cdLA - SPEKTREM\",\"isPartOf\":{\"@id\":\"https:\/\/spektrem.cz\/cz\/#website\"},\"primaryImageOfPage\":{\"@id\":\"https:\/\/spektrem.cz\/vytvarime\/dila\/#primaryimage\"},\"image\":{\"@id\":\"https:\/\/spektrem.cz\/vytvarime\/dila\/#primaryimage\"},\"thumbnailUrl\":\"https:\/\/spektrem.cz\/wp-content\/uploads\/2024\/01\/logo-150x150.png\",\"datePublished\":\"2023-12-21T21:37:25+00:00\",\"dateModified\":\"2024-02-13T14:34:36+00:00\",\"breadcrumb\":{\"@id\":\"https:\/\/spektrem.cz\/vytvarime\/dila\/#breadcrumb\"},\"inLanguage\":\"en-GB\",\"potentialAction\":[{\"@type\":\"ReadAction\",\"target\":[\"https:\/\/spektrem.cz\/vytvarime\/dila\/\"]}]},{\"@type\":\"ImageObject\",\"inLanguage\":\"en-GB\",\"@id\":\"https:\/\/spektrem.cz\/vytvarime\/dila\/#primaryimage\",\"url\":\"https:\/\/spektrem.cz\/wp-content\/uploads\/2024\/01\/logo-150x150.png\",\"contentUrl\":\"https:\/\/spektrem.cz\/wp-content\/uploads\/2024\/01\/logo-150x150.png\"},{\"@type\":\"BreadcrumbList\",\"@id\":\"https:\/\/spektrem.cz\/vytvarime\/dila\/#breadcrumb\",\"itemListElement\":[{\"@type\":\"ListItem\",\"position\":1,\"name\":\"Dom\u016f\",\"item\":\"https:\/\/spektrem.cz\/cz\/\"},{\"@type\":\"ListItem\",\"position\":2,\"name\":\"VYTV\u00c1\u0158\u00cdME\",\"item\":\"https:\/\/spektrem.cz\/vytvarime\/\"},{\"@type\":\"ListItem\",\"position\":3,\"name\":\"D\u00cdLA\"}]},{\"@type\":\"WebSite\",\"@id\":\"https:\/\/spektrem.cz\/cz\/#website\",\"url\":\"https:\/\/spektrem.cz\/cz\/\",\"name\":\"SPEKTREM\",\"description\":\"Zlat\u00e9 \u010desk\u00e9 ru\u010di\u010dky a hlavi\u010dky\",\"publisher\":{\"@id\":\"https:\/\/spektrem.cz\/cz\/#organization\"},\"potentialAction\":[{\"@type\":\"SearchAction\",\"target\":{\"@type\":\"EntryPoint\",\"urlTemplate\":\"https:\/\/spektrem.cz\/cz\/?s={search_term_string}\"},\"query-input\":{\"@type\":\"PropertyValueSpecification\",\"valueRequired\":true,\"valueName\":\"search_term_string\"}}],\"inLanguage\":\"en-GB\"},{\"@type\":\"Organization\",\"@id\":\"https:\/\/spektrem.cz\/cz\/#organization\",\"name\":\"SPEKTREM\",\"url\":\"https:\/\/spektrem.cz\/cz\/\",\"logo\":{\"@type\":\"ImageObject\",\"inLanguage\":\"en-GB\",\"@id\":\"https:\/\/spektrem.cz\/cz\/#\/schema\/logo\/image\/\",\"url\":\"https:\/\/spektrem.cz\/wp-content\/uploads\/2024\/01\/logo_spektrem.svg\",\"contentUrl\":\"https:\/\/spektrem.cz\/wp-content\/uploads\/2024\/01\/logo_spektrem.svg\",\"width\":50,\"height\":50,\"caption\":\"SPEKTREM\"},\"image\":{\"@id\":\"https:\/\/spektrem.cz\/cz\/#\/schema\/logo\/image\/\"}}]}<\/script>\n<!-- \/ Yoast SEO plugin. -->","yoast_head_json":{"title":"D\u00cdLA - SPEKTREM","robots":{"index":"index","follow":"follow","max-snippet":"max-snippet:-1","max-image-preview":"max-image-preview:large","max-video-preview":"max-video-preview:-1"},"canonical":"https:\/\/spektrem.cz\/en\/vytvarime\/dila\/","og_locale":"en_GB","og_type":"article","og_title":"D\u00cdLA - SPEKTREM","og_description":"D\u00cdLA Str\u00e1nka se p\u0159ipravuje. SPEKTREM","og_url":"https:\/\/spektrem.cz\/en\/vytvarime\/dila\/","og_site_name":"SPEKTREM","article_modified_time":"2024-02-13T14:34:36+00:00","og_image":[{"url":"https:\/\/spektrem.cz\/wp-content\/uploads\/2024\/01\/logo-150x150.png","type":"","width":"","height":""}],"twitter_card":"summary_large_image","twitter_misc":{"Estimated reading time":"1 minute"},"schema":{"@context":"https:\/\/schema.org","@graph":[{"@type":"WebPage","@id":"https:\/\/spektrem.cz\/vytvarime\/dila\/","url":"https:\/\/spektrem.cz\/vytvarime\/dila\/","name":"D\u00cdLA - SPEKTREM","isPartOf":{"@id":"https:\/\/spektrem.cz\/cz\/#website"},"primaryImageOfPage":{"@id":"https:\/\/spektrem.cz\/vytvarime\/dila\/#primaryimage"},"image":{"@id":"https:\/\/spektrem.cz\/vytvarime\/dila\/#primaryimage"},"thumbnailUrl":"https:\/\/spektrem.cz\/wp-content\/uploads\/2024\/01\/logo-150x150.png","datePublished":"2023-12-21T21:37:25+00:00","dateModified":"2024-02-13T14:34:36+00:00","breadcrumb":{"@id":"https:\/\/spektrem.cz\/vytvarime\/dila\/#breadcrumb"},"inLanguage":"en-GB","potentialAction":[{"@type":"ReadAction","target":["https:\/\/spektrem.cz\/vytvarime\/dila\/"]}]},{"@type":"ImageObject","inLanguage":"en-GB","@id":"https:\/\/spektrem.cz\/vytvarime\/dila\/#primaryimage","url":"https:\/\/spektrem.cz\/wp-content\/uploads\/2024\/01\/logo-150x150.png","contentUrl":"https:\/\/spektrem.cz\/wp-content\/uploads\/2024\/01\/logo-150x150.png"},{"@type":"BreadcrumbList","@id":"https:\/\/spektrem.cz\/vytvarime\/dila\/#breadcrumb","itemListElement":[{"@type":"ListItem","position":1,"name":"Dom\u016f","item":"https:\/\/spektrem.cz\/cz\/"},{"@type":"ListItem","position":2,"name":"VYTV\u00c1\u0158\u00cdME","item":"https:\/\/spektrem.cz\/vytvarime\/"},{"@type":"ListItem","position":3,"name":"D\u00cdLA"}]},{"@type":"WebSite","@id":"https:\/\/spektrem.cz\/cz\/#website","url":"https:\/\/spektrem.cz\/cz\/","name":"SPEKTREM","description":"Zlat\u00e9 \u010desk\u00e9 ru\u010di\u010dky a hlavi\u010dky","publisher":{"@id":"https:\/\/spektrem.cz\/cz\/#organization"},"potentialAction":[{"@type":"SearchAction","target":{"@type":"EntryPoint","urlTemplate":"https:\/\/spektrem.cz\/cz\/?s={search_term_string}"},"query-input":{"@type":"PropertyValueSpecification","valueRequired":true,"valueName":"search_term_string"}}],"inLanguage":"en-GB"},{"@type":"Organization","@id":"https:\/\/spektrem.cz\/cz\/#organization","name":"SPEKTREM","url":"https:\/\/spektrem.cz\/cz\/","logo":{"@type":"ImageObject","inLanguage":"en-GB","@id":"https:\/\/spektrem.cz\/cz\/#\/schema\/logo\/image\/","url":"https:\/\/spektrem.cz\/wp-content\/uploads\/2024\/01\/logo_spektrem.svg","contentUrl":"https:\/\/spektrem.cz\/wp-content\/uploads\/2024\/01\/logo_spektrem.svg","width":50,"height":50,"caption":"SPEKTREM"},"image":{"@id":"https:\/\/spektrem.cz\/cz\/#\/schema\/logo\/image\/"}}]}},"_links":{"self":[{"href":"https:\/\/spektrem.cz\/en\/wp-json\/wp\/v2\/pages\/32","targetHints":{"allow":["GET"]}}],"collection":[{"href":"https:\/\/spektrem.cz\/en\/wp-json\/wp\/v2\/pages"}],"about":[{"href":"https:\/\/spektrem.cz\/en\/wp-json\/wp\/v2\/types\/page"}],"author":[{"embeddable":true,"href":"https:\/\/spektrem.cz\/en\/wp-json\/wp\/v2\/users\/1"}],"replies":[{"embeddable":true,"href":"https:\/\/spektrem.cz\/en\/wp-json\/wp\/v2\/comments?post=32"}],"version-history":[{"count":26,"href":"https:\/\/spektrem.cz\/en\/wp-json\/wp\/v2\/pages\/32\/revisions"}],"predecessor-version":[{"id":966,"href":"https:\/\/spektrem.cz\/en\/wp-json\/wp\/v2\/pages\/32\/revisions\/966"}],"up":[{"embeddable":true,"href":"https:\/\/spektrem.cz\/en\/wp-json\/wp\/v2\/pages\/262"}],"wp:attachment":[{"href":"https:\/\/spektrem.cz\/en\/wp-json\/wp\/v2\/media?parent=32"}],"curies":[{"name":"wp","href":"https:\/\/api.w.org\/{rel}","templated":true}]}}