{"id":176,"date":"2024-01-02T13:10:53","date_gmt":"2024-01-02T13:10:53","guid":{"rendered":"https:\/\/spektrem.cz\/?page_id=176"},"modified":"2024-02-21T14:06:14","modified_gmt":"2024-02-21T13:06:14","slug":"mapa_stranek","status":"publish","type":"page","link":"https:\/\/spektrem.cz\/en\/mapa_stranek\/","title":{"rendered":"Site map"},"content":{"rendered":"<div data-elementor-type=\"wp-page\" data-elementor-id=\"176\" class=\"elementor elementor-176\">\n\t\t\t\t<div class=\"elementor-element elementor-element-c2005d7 e-flex e-con-boxed e-con e-parent\" data-id=\"c2005d7\" data-element_type=\"container\" data-e-type=\"container\">\n\t\t\t\t\t<div class=\"e-con-inner\">\n\t\t\t\t<div class=\"elementor-element elementor-element-eb762ed elementor-widget-divider--view-line elementor-widget elementor-widget-divider\" data-id=\"eb762ed\" data-element_type=\"widget\" data-e-type=\"widget\" data-widget_type=\"divider.default\">\n\t\t\t\t\t\t\t<div class=\"elementor-divider\">\n\t\t\t<span class=\"elementor-divider-separator\">\n\t\t\t\t\t\t<\/span>\n\t\t<\/div>\n\t\t\t\t\t\t<\/div>\n\t\t\t\t\t<\/div>\n\t\t\t\t<\/div>\n\t\t<div class=\"elementor-element elementor-element-0c3285c e-flex e-con-boxed e-con e-parent\" data-id=\"0c3285c\" data-element_type=\"container\" data-e-type=\"container\">\n\t\t\t\t\t<div class=\"e-con-inner\">\n\t\t\t\t<div class=\"elementor-element elementor-element-efc06af elementor-widget-divider--view-line elementor-widget elementor-widget-divider\" data-id=\"efc06af\" data-element_type=\"widget\" data-e-type=\"widget\" data-widget_type=\"divider.default\">\n\t\t\t\t\t\t\t<div class=\"elementor-divider\">\n\t\t\t<span class=\"elementor-divider-separator\">\n\t\t\t\t\t\t<\/span>\n\t\t<\/div>\n\t\t\t\t\t\t<\/div>\n\t\t\t\t\t<\/div>\n\t\t\t\t<\/div>\n\t\t<div class=\"elementor-element elementor-element-a790dc2 e-flex e-con-boxed e-con e-parent\" data-id=\"a790dc2\" data-element_type=\"container\" data-e-type=\"container\">\n\t\t\t\t\t<div class=\"e-con-inner\">\n\t\t\t\t<div class=\"elementor-element elementor-element-3548b7d elementor-widget elementor-widget-heading\" data-id=\"3548b7d\" data-element_type=\"widget\" data-e-type=\"widget\" data-widget_type=\"heading.default\">\n\t\t\t\t\t<h2 class=\"elementor-heading-title elementor-size-default\">Site map<\/h2>\t\t\t\t<\/div>\n\t\t\t\t\t<\/div>\n\t\t\t\t<\/div>\n\t\t<div class=\"elementor-element elementor-element-4577c0c e-flex e-con-boxed e-con e-parent\" data-id=\"4577c0c\" data-element_type=\"container\" data-e-type=\"container\">\n\t\t\t\t\t<div class=\"e-con-inner\">\n\t\t\t\t<div class=\"elementor-element elementor-element-dcc9827 elementor-widget-divider--view-line elementor-widget elementor-widget-divider\" data-id=\"dcc9827\" data-element_type=\"widget\" data-e-type=\"widget\" data-widget_type=\"divider.default\">\n\t\t\t\t\t\t\t<div class=\"elementor-divider\">\n\t\t\t<span class=\"elementor-divider-separator\">\n\t\t\t\t\t\t<\/span>\n\t\t<\/div>\n\t\t\t\t\t\t<\/div>\n\t\t\t\t\t<\/div>\n\t\t\t\t<\/div>\n\t\t<div class=\"elementor-element elementor-element-4420698 e-flex e-con-boxed e-con e-parent\" data-id=\"4420698\" data-element_type=\"container\" data-e-type=\"container\">\n\t\t\t\t\t<div class=\"e-con-inner\">\n\t\t<div class=\"elementor-element elementor-element-fd627d5 e-con-full e-flex e-con e-child\" data-id=\"fd627d5\" data-element_type=\"container\" data-e-type=\"container\">\n\t\t\t\t<\/div>\n\t\t<div class=\"elementor-element elementor-element-fd046aa e-con-full e-flex e-con e-child\" data-id=\"fd046aa\" data-element_type=\"container\" data-e-type=\"container\">\n\t\t\t\t<div class=\"elementor-element elementor-element-420fd7c elementor-widget elementor-widget-shortcode\" data-id=\"420fd7c\" data-element_type=\"widget\" data-e-type=\"widget\" data-widget_type=\"shortcode.default\">\n\t\t\t\t\t\t\t<div class=\"elementor-shortcode\"><div class=\"wsp-container\"><h2 class=\"wsp-pages-title\">Pages<\/h2>\n<ul class=\"wsp-pages-list\">\n<li class=\"page_item page-item-74 menu-item\"><a href=\"https:\/\/spektrem.cz\/en\/\" class=\"menu-link\">SPEKTREM<\/a><\/li>\n<li class=\"page_item page-item-422 menu-item\"><a href=\"https:\/\/spektrem.cz\/en\/uvod\/\" class=\"menu-link\">INTRODUCTION<\/a><\/li>\n<li class=\"page_item page-item-262 page_item_has_children menu-item menu-item-has-children\"><a href=\"https:\/\/spektrem.cz\/en\/vytvarime\/\" class=\"menu-link\">WE CREATE<\/a>\n<ul class='children'>\n\t<li class=\"page_item page-item-7 menu-item\"><a href=\"https:\/\/spektrem.cz\/en\/vytvarime\/ateliery\/\" class=\"menu-link\">WORKSHOPS<\/a><\/li>\n\t<li class=\"page_item page-item-32 menu-item\"><a href=\"https:\/\/spektrem.cz\/en\/vytvarime\/dila\/\" class=\"menu-link\">ARTWORKS<\/a><\/li>\n<\/ul>\n<\/li>\n<li class=\"page_item page-item-260 page_item_has_children menu-item menu-item-has-children\"><a href=\"https:\/\/spektrem.cz\/en\/preferujeme\/\" class=\"menu-link\">WE PREFER<\/a>\n<ul class='children'>\n\t<li class=\"page_item page-item-435 menu-item\"><a href=\"https:\/\/spektrem.cz\/en\/preferujeme\/mapa\/\" class=\"menu-link\">BY MAP<\/a><\/li>\n\t<li class=\"page_item page-item-101 menu-item\"><a href=\"https:\/\/spektrem.cz\/en\/preferujeme\/obory\/\" class=\"menu-link\">BY SPECIALIZITION<\/a><\/li>\n<\/ul>\n<\/li>\n<li class=\"page_item page-item-278 page_item_has_children menu-item menu-item-has-children\"><a href=\"https:\/\/spektrem.cz\/en\/radime\/\" class=\"menu-link\">WE ADVISE<\/a>\n<ul class='children'>\n\t<li class=\"page_item page-item-473 menu-item\"><a href=\"https:\/\/spektrem.cz\/en\/radime\/skrze-internet\/\" class=\"menu-link\">VIA THE INTERNET<\/a><\/li>\n\t<li class=\"page_item page-item-464 menu-item\"><a href=\"https:\/\/spektrem.cz\/en\/radime\/skrze-odborniky\/\" class=\"menu-link\">THROUGH EXPERTS<\/a><\/li>\n\t<li class=\"page_item page-item-467 menu-item\"><a href=\"https:\/\/spektrem.cz\/en\/radime\/skrze-uzitecne-rady-a-tipy\/\" class=\"menu-link\">THROUGH USEFUL ADVICE AND TIPS<\/a><\/li>\n<\/ul>\n<\/li>\n<li class=\"page_item page-item-284 page_item_has_children menu-item menu-item-has-children\"><a href=\"https:\/\/spektrem.cz\/en\/sdilime\/\" class=\"menu-link\">SHARING<\/a>\n<ul class='children'>\n\t<li class=\"page_item page-item-479 menu-item\"><a href=\"https:\/\/spektrem.cz\/en\/sdilime\/bydleni\/\" class=\"menu-link\">HOUSING<\/a><\/li>\n\t<li class=\"page_item page-item-511 menu-item\"><a href=\"https:\/\/spektrem.cz\/en\/sdilime\/cestovani\/\" class=\"menu-link\">TRAVEL<\/a><\/li>\n\t<li class=\"page_item page-item-471 menu-item\"><a href=\"https:\/\/spektrem.cz\/en\/sdilime\/nakupy-potravin\/\" class=\"menu-link\">FOOD PURCHASES<\/a><\/li>\n<\/ul>\n<\/li>\n<li class=\"page_item page-item-290 page_item_has_children menu-item menu-item-has-children\"><a href=\"https:\/\/spektrem.cz\/en\/vymenujeme\/\" class=\"menu-link\">BARTER<\/a>\n<ul class='children'>\n\t<li class=\"page_item page-item-487 menu-item\"><a href=\"https:\/\/spektrem.cz\/en\/vymenujeme\/sluzby\/\" class=\"menu-link\">SERVICES<\/a><\/li>\n\t<li class=\"page_item page-item-483 menu-item\"><a href=\"https:\/\/spektrem.cz\/en\/vymenujeme\/zbozi\/\" class=\"menu-link\">GOODS<\/a><\/li>\n<\/ul>\n<\/li>\n<li class=\"page_item page-item-296 page_item_has_children menu-item menu-item-has-children\"><a href=\"https:\/\/spektrem.cz\/en\/preprodavame\/\" class=\"menu-link\">RESELL<\/a>\n<ul class='children'>\n\t<li class=\"page_item page-item-491 menu-item\"><a href=\"https:\/\/spektrem.cz\/en\/preprodavame\/v-aukci\/\" class=\"menu-link\">AT AUCTION<\/a><\/li>\n\t<li class=\"page_item page-item-495 menu-item\"><a href=\"https:\/\/spektrem.cz\/en\/preprodavame\/v-bazaru\/\" class=\"menu-link\">IN ANTIQUES<\/a><\/li>\n<\/ul>\n<\/li>\n<li class=\"page_item page-item-302 page_item_has_children menu-item menu-item-has-children\"><a href=\"https:\/\/spektrem.cz\/en\/zprostredkujeme\/\" class=\"menu-link\">MEDIATE<\/a>\n<ul class='children'>\n\t<li class=\"page_item page-item-519 menu-item\"><a href=\"https:\/\/spektrem.cz\/en\/zprostredkujeme\/doucovani\/\" class=\"menu-link\">TUTORING<\/a><\/li>\n\t<li class=\"page_item page-item-515 menu-item\"><a href=\"https:\/\/spektrem.cz\/en\/zprostredkujeme\/praci\/\" class=\"menu-link\">WORK<\/a><\/li>\n\t<li class=\"page_item page-item-581 menu-item\"><a href=\"https:\/\/spektrem.cz\/en\/zprostredkujeme\/sport\/\" class=\"menu-link\">SPORT<\/a><\/li>\n<\/ul>\n<\/li>\n<li class=\"page_item page-item-308 page_item_has_children menu-item menu-item-has-children\"><a href=\"https:\/\/spektrem.cz\/en\/recyklujeme\/\" class=\"menu-link\">RECYCLING<\/a>\n<ul class='children'>\n\t<li class=\"page_item page-item-503 menu-item\"><a href=\"https:\/\/spektrem.cz\/en\/recyklujeme\/dle-mapy\/\" class=\"menu-link\">BY MAP<\/a><\/li>\n\t<li class=\"page_item page-item-499 menu-item\"><a href=\"https:\/\/spektrem.cz\/en\/recyklujeme\/dle-oboru\/\" class=\"menu-link\">BY SPECIALIZITION<\/a><\/li>\n<\/ul>\n<\/li>\n<li class=\"page_item page-item-314 page_item_has_children menu-item menu-item-has-children\"><a href=\"https:\/\/spektrem.cz\/en\/ekologie\/\" class=\"menu-link\">ECOLOGY<\/a>\n<ul class='children'>\n\t<li class=\"page_item page-item-527 menu-item\"><a href=\"https:\/\/spektrem.cz\/en\/ekologie\/v-dobrocinnych-spolcich\/\" class=\"menu-link\">IN AUXILIARY ASSOCIATIONS<\/a><\/li>\n\t<li class=\"page_item page-item-523 menu-item\"><a href=\"https:\/\/spektrem.cz\/en\/ekologie\/v-naucnych-clancich\/\" class=\"menu-link\">IN QUALIFIED ARTICLES<\/a><\/li>\n<\/ul>\n<\/li>\n<li class=\"page_item page-item-320 page_item_has_children menu-item menu-item-has-children\"><a href=\"https:\/\/spektrem.cz\/en\/zdravi\/\" class=\"menu-link\">HEALTH<\/a>\n<ul class='children'>\n\t<li class=\"page_item page-item-536 menu-item\"><a href=\"https:\/\/spektrem.cz\/en\/zdravi\/dle-mapy-tela\/\" class=\"menu-link\">ACCORDING TO THE BODY MAP<\/a><\/li>\n\t<li class=\"page_item page-item-531 menu-item\"><a href=\"https:\/\/spektrem.cz\/en\/zdravi\/dle-odbornych-clanku\/\" class=\"menu-link\">ACCORDING TO PROFESSIONAL ARTICLES<\/a><\/li>\n<\/ul>\n<\/li>\n<li class=\"page_item page-item-326 page_item_has_children menu-item menu-item-has-children\"><a href=\"https:\/\/spektrem.cz\/en\/kultura\/\" class=\"menu-link\">CULTURE<\/a>\n<ul class='children'>\n\t<li class=\"page_item page-item-540 menu-item\"><a href=\"https:\/\/spektrem.cz\/en\/kultura\/na-akcich\/\" class=\"menu-link\">AT EVENTS<\/a><\/li>\n\t<li class=\"page_item page-item-544 menu-item\"><a href=\"https:\/\/spektrem.cz\/en\/kultura\/na-internetu\/\" class=\"menu-link\">ON THE INTERNET<\/a><\/li>\n<\/ul>\n<\/li>\n<li class=\"page_item page-item-332 page_item_has_children menu-item menu-item-has-children\"><a href=\"https:\/\/spektrem.cz\/en\/ideologie\/\" class=\"menu-link\">IDEOLOGY<\/a>\n<ul class='children'>\n\t<li class=\"page_item page-item-560 menu-item\"><a href=\"https:\/\/spektrem.cz\/en\/ideologie\/soucasti-dejin\/\" class=\"menu-link\">PART OF HISTORY<\/a><\/li>\n\t<li class=\"page_item page-item-552 menu-item\"><a href=\"https:\/\/spektrem.cz\/en\/ideologie\/soucasti-humoru\/\" class=\"menu-link\">PART OF HUMOR<\/a><\/li>\n\t<li class=\"page_item page-item-576 menu-item\"><a href=\"https:\/\/spektrem.cz\/en\/ideologie\/soucasti-lasky\/\" class=\"menu-link\">PART OF LOVE<\/a><\/li>\n\t<li class=\"page_item page-item-564 menu-item\"><a href=\"https:\/\/spektrem.cz\/en\/ideologie\/soucasti-politiky\/\" class=\"menu-link\">PART OF POLITICS<\/a><\/li>\n\t<li class=\"page_item page-item-556 menu-item\"><a href=\"https:\/\/spektrem.cz\/en\/ideologie\/soucasti-skolstvi\/\" class=\"menu-link\">PART OF EDUCATION<\/a><\/li>\n\t<li class=\"page_item page-item-568 menu-item\"><a href=\"https:\/\/spektrem.cz\/en\/ideologie\/soucasti-soudnictvi\/\" class=\"menu-link\">PART OF THE JUDICIARY<\/a><\/li>\n\t<li class=\"page_item page-item-572 menu-item\"><a href=\"https:\/\/spektrem.cz\/en\/ideologie\/soucasti-viry\/\" class=\"menu-link\">PART OF BELIEF<\/a><\/li>\n\t<li class=\"page_item page-item-548 menu-item\"><a href=\"https:\/\/spektrem.cz\/en\/ideologie\/soucasti-zprav\/\" class=\"menu-link\">PART OF NEWS<\/a><\/li>\n<\/ul>\n<\/li>\n<li class=\"page_item page-item-338 menu-item\"><a href=\"https:\/\/spektrem.cz\/en\/sponzorujte\/\" class=\"menu-link\">SPONSORING<\/a><\/li>\n<li class=\"page_item page-item-344 menu-item\"><a href=\"https:\/\/spektrem.cz\/en\/inzerujte\/\" class=\"menu-link\">ADVERTISE<\/a><\/li>\n<li class=\"page_item page-item-350 page_item_has_children menu-item menu-item-has-children\"><a href=\"https:\/\/spektrem.cz\/en\/pridejte_se\/\" class=\"menu-link\">JOIN IN<\/a>\n<ul class='children'>\n\t<li class=\"page_item page-item-1182 menu-item\"><a href=\"https:\/\/spektrem.cz\/en\/pridejte_se\/prihlaseni\/\" class=\"menu-link\">P\u0158IHL\u00c1\u0160EN\u00cd<\/a><\/li>\n\t<li class=\"page_item page-item-1177 menu-item\"><a href=\"https:\/\/spektrem.cz\/en\/pridejte_se\/registrace\/\" class=\"menu-link\">REGISTRACE<\/a><\/li>\n<\/ul>\n<\/li>\n<li class=\"page_item page-item-109 menu-item\"><a href=\"https:\/\/spektrem.cz\/en\/zasady_ochrany_osobnich_udaju\/\" class=\"menu-link\">PRIVACY POLICY<\/a><\/li>\n<li class=\"page_item page-item-176 menu-item\"><a href=\"https:\/\/spektrem.cz\/en\/mapa_stranek\/\" class=\"menu-link\">Site map<\/a><\/li>\n<\/ul>\n<\/div><\/div>\n\t\t\t\t\t\t<\/div>\n\t\t\t\t<\/div>\n\t\t<div class=\"elementor-element elementor-element-4ec3bda e-con-full e-flex e-con e-child\" data-id=\"4ec3bda\" data-element_type=\"container\" data-e-type=\"container\">\n\t\t\t\t<\/div>\n\t\t\t\t\t<\/div>\n\t\t\t\t<\/div>\n\t\t<div class=\"elementor-element elementor-element-23b1930 e-flex e-con-boxed e-con e-parent\" data-id=\"23b1930\" data-element_type=\"container\" data-e-type=\"container\">\n\t\t\t\t\t<div class=\"e-con-inner\">\n\t\t\t\t<div class=\"elementor-element elementor-element-65c0b50 elementor-widget-divider--view-line elementor-widget elementor-widget-divider\" data-id=\"65c0b50\" data-element_type=\"widget\" data-e-type=\"widget\" data-widget_type=\"divider.default\">\n\t\t\t\t\t\t\t<div class=\"elementor-divider\">\n\t\t\t<span class=\"elementor-divider-separator\">\n\t\t\t\t\t\t<\/span>\n\t\t<\/div>\n\t\t\t\t\t\t<\/div>\n\t\t\t\t\t<\/div>\n\t\t\t\t<\/div>\n\t\t\t\t<\/div>","protected":false},"excerpt":{"rendered":"<p>Site map<\/p>","protected":false},"author":2,"featured_media":0,"parent":0,"menu_order":21,"comment_status":"closed","ping_status":"closed","template":"","meta":{"site-sidebar-layout":"no-sidebar","site-content-layout":"","ast-site-content-layout":"full-width-container","site-content-style":"default","site-sidebar-style":"default","ast-global-header-display":"","ast-banner-title-visibility":"","ast-main-header-display":"","ast-hfb-above-header-display":"","ast-hfb-below-header-display":"","ast-hfb-mobile-header-display":"","site-post-title":"disabled","ast-breadcrumbs-content":"","ast-featured-img":"disabled","footer-sml-layout":"","ast-disable-related-posts":"","theme-transparent-header-meta":"","adv-header-id-meta":"","stick-header-meta":"","header-above-stick-meta":"","header-main-stick-meta":"","header-below-stick-meta":"","astra-migrate-meta-layouts":"default","ast-page-background-enabled":"default","ast-page-background-meta":{"desktop":{"background-color":"var(--ast-global-color-4)","background-image":"","background-repeat":"repeat","background-position":"center center","background-size":"auto","background-attachment":"scroll","background-type":"","background-media":"","overlay-type":"","overlay-color":"","overlay-opacity":"","overlay-gradient":""},"tablet":{"background-color":"","background-image":"","background-repeat":"repeat","background-position":"center center","background-size":"auto","background-attachment":"scroll","background-type":"","background-media":"","overlay-type":"","overlay-color":"","overlay-opacity":"","overlay-gradient":""},"mobile":{"background-color":"","background-image":"","background-repeat":"repeat","background-position":"center center","background-size":"auto","background-attachment":"scroll","background-type":"","background-media":"","overlay-type":"","overlay-color":"","overlay-opacity":"","overlay-gradient":""}},"ast-content-background-meta":{"desktop":{"background-color":"var(--ast-global-color-5)","background-image":"","background-repeat":"repeat","background-position":"center center","background-size":"auto","background-attachment":"scroll","background-type":"","background-media":"","overlay-type":"","overlay-color":"","overlay-opacity":"","overlay-gradient":""},"tablet":{"background-color":"var(--ast-global-color-5)","background-image":"","background-repeat":"repeat","background-position":"center center","background-size":"auto","background-attachment":"scroll","background-type":"","background-media":"","overlay-type":"","overlay-color":"","overlay-opacity":"","overlay-gradient":""},"mobile":{"background-color":"var(--ast-global-color-5)","background-image":"","background-repeat":"repeat","background-position":"center center","background-size":"auto","background-attachment":"scroll","background-type":"","background-media":"","overlay-type":"","overlay-color":"","overlay-opacity":"","overlay-gradient":""}},"footnotes":""},"class_list":["post-176","page","type-page","status-publish","hentry"],"yoast_head":"<!-- This site is optimized with the Yoast SEO plugin v26.9 - https:\/\/yoast.com\/product\/yoast-seo-wordpress\/ -->\n<title>MAPA STR\u00c1NEK - SPEKTREM<\/title>\n<meta name=\"robots\" content=\"index, follow, max-snippet:-1, max-image-preview:large, max-video-preview:-1\" \/>\n<link rel=\"canonical\" href=\"https:\/\/spektrem.cz\/en\/mapa_stranek\/\" \/>\n<meta property=\"og:locale\" content=\"en_GB\" \/>\n<meta property=\"og:type\" content=\"article\" \/>\n<meta property=\"og:title\" content=\"MAPA STR\u00c1NEK - SPEKTREM\" \/>\n<meta property=\"og:description\" content=\"Mapa str\u00e1nek\" \/>\n<meta property=\"og:url\" content=\"https:\/\/spektrem.cz\/en\/mapa_stranek\/\" \/>\n<meta property=\"og:site_name\" content=\"SPEKTREM\" \/>\n<meta property=\"article:modified_time\" content=\"2024-02-21T13:06:14+00:00\" \/>\n<meta name=\"twitter:card\" content=\"summary_large_image\" \/>\n<meta name=\"twitter:label1\" content=\"Estimated reading time\" \/>\n\t<meta name=\"twitter:data1\" content=\"1 minute\" \/>\n<script type=\"application\/ld+json\" class=\"yoast-schema-graph\">{\"@context\":\"https:\/\/schema.org\",\"@graph\":[{\"@type\":\"WebPage\",\"@id\":\"https:\/\/spektrem.cz\/mapa_stranek\/\",\"url\":\"https:\/\/spektrem.cz\/mapa_stranek\/\",\"name\":\"MAPA STR\u00c1NEK - SPEKTREM\",\"isPartOf\":{\"@id\":\"https:\/\/spektrem.cz\/cz\/#website\"},\"datePublished\":\"2024-01-02T13:10:53+00:00\",\"dateModified\":\"2024-02-21T13:06:14+00:00\",\"breadcrumb\":{\"@id\":\"https:\/\/spektrem.cz\/mapa_stranek\/#breadcrumb\"},\"inLanguage\":\"en-GB\",\"potentialAction\":[{\"@type\":\"ReadAction\",\"target\":[\"https:\/\/spektrem.cz\/mapa_stranek\/\"]}]},{\"@type\":\"BreadcrumbList\",\"@id\":\"https:\/\/spektrem.cz\/mapa_stranek\/#breadcrumb\",\"itemListElement\":[{\"@type\":\"ListItem\",\"position\":1,\"name\":\"Dom\u016f\",\"item\":\"https:\/\/spektrem.cz\/cz\/\"},{\"@type\":\"ListItem\",\"position\":2,\"name\":\"MAPA STR\u00c1NEK\"}]},{\"@type\":\"WebSite\",\"@id\":\"https:\/\/spektrem.cz\/cz\/#website\",\"url\":\"https:\/\/spektrem.cz\/cz\/\",\"name\":\"SPEKTREM\",\"description\":\"Zlat\u00e9 \u010desk\u00e9 ru\u010di\u010dky a hlavi\u010dky\",\"publisher\":{\"@id\":\"https:\/\/spektrem.cz\/cz\/#organization\"},\"potentialAction\":[{\"@type\":\"SearchAction\",\"target\":{\"@type\":\"EntryPoint\",\"urlTemplate\":\"https:\/\/spektrem.cz\/cz\/?s={search_term_string}\"},\"query-input\":{\"@type\":\"PropertyValueSpecification\",\"valueRequired\":true,\"valueName\":\"search_term_string\"}}],\"inLanguage\":\"en-GB\"},{\"@type\":\"Organization\",\"@id\":\"https:\/\/spektrem.cz\/cz\/#organization\",\"name\":\"SPEKTREM\",\"url\":\"https:\/\/spektrem.cz\/cz\/\",\"logo\":{\"@type\":\"ImageObject\",\"inLanguage\":\"en-GB\",\"@id\":\"https:\/\/spektrem.cz\/cz\/#\/schema\/logo\/image\/\",\"url\":\"https:\/\/spektrem.cz\/wp-content\/uploads\/2024\/01\/logo_spektrem.svg\",\"contentUrl\":\"https:\/\/spektrem.cz\/wp-content\/uploads\/2024\/01\/logo_spektrem.svg\",\"width\":50,\"height\":50,\"caption\":\"SPEKTREM\"},\"image\":{\"@id\":\"https:\/\/spektrem.cz\/cz\/#\/schema\/logo\/image\/\"}}]}<\/script>\n<!-- \/ Yoast SEO plugin. -->","yoast_head_json":{"title":"MAPA STR\u00c1NEK - SPEKTREM","robots":{"index":"index","follow":"follow","max-snippet":"max-snippet:-1","max-image-preview":"max-image-preview:large","max-video-preview":"max-video-preview:-1"},"canonical":"https:\/\/spektrem.cz\/en\/mapa_stranek\/","og_locale":"en_GB","og_type":"article","og_title":"MAPA STR\u00c1NEK - SPEKTREM","og_description":"Mapa str\u00e1nek","og_url":"https:\/\/spektrem.cz\/en\/mapa_stranek\/","og_site_name":"SPEKTREM","article_modified_time":"2024-02-21T13:06:14+00:00","twitter_card":"summary_large_image","twitter_misc":{"Estimated reading time":"1 minute"},"schema":{"@context":"https:\/\/schema.org","@graph":[{"@type":"WebPage","@id":"https:\/\/spektrem.cz\/mapa_stranek\/","url":"https:\/\/spektrem.cz\/mapa_stranek\/","name":"MAPA STR\u00c1NEK - SPEKTREM","isPartOf":{"@id":"https:\/\/spektrem.cz\/cz\/#website"},"datePublished":"2024-01-02T13:10:53+00:00","dateModified":"2024-02-21T13:06:14+00:00","breadcrumb":{"@id":"https:\/\/spektrem.cz\/mapa_stranek\/#breadcrumb"},"inLanguage":"en-GB","potentialAction":[{"@type":"ReadAction","target":["https:\/\/spektrem.cz\/mapa_stranek\/"]}]},{"@type":"BreadcrumbList","@id":"https:\/\/spektrem.cz\/mapa_stranek\/#breadcrumb","itemListElement":[{"@type":"ListItem","position":1,"name":"Dom\u016f","item":"https:\/\/spektrem.cz\/cz\/"},{"@type":"ListItem","position":2,"name":"MAPA STR\u00c1NEK"}]},{"@type":"WebSite","@id":"https:\/\/spektrem.cz\/cz\/#website","url":"https:\/\/spektrem.cz\/cz\/","name":"SPEKTREM","description":"Zlat\u00e9 \u010desk\u00e9 ru\u010di\u010dky a hlavi\u010dky","publisher":{"@id":"https:\/\/spektrem.cz\/cz\/#organization"},"potentialAction":[{"@type":"SearchAction","target":{"@type":"EntryPoint","urlTemplate":"https:\/\/spektrem.cz\/cz\/?s={search_term_string}"},"query-input":{"@type":"PropertyValueSpecification","valueRequired":true,"valueName":"search_term_string"}}],"inLanguage":"en-GB"},{"@type":"Organization","@id":"https:\/\/spektrem.cz\/cz\/#organization","name":"SPEKTREM","url":"https:\/\/spektrem.cz\/cz\/","logo":{"@type":"ImageObject","inLanguage":"en-GB","@id":"https:\/\/spektrem.cz\/cz\/#\/schema\/logo\/image\/","url":"https:\/\/spektrem.cz\/wp-content\/uploads\/2024\/01\/logo_spektrem.svg","contentUrl":"https:\/\/spektrem.cz\/wp-content\/uploads\/2024\/01\/logo_spektrem.svg","width":50,"height":50,"caption":"SPEKTREM"},"image":{"@id":"https:\/\/spektrem.cz\/cz\/#\/schema\/logo\/image\/"}}]}},"_links":{"self":[{"href":"https:\/\/spektrem.cz\/en\/wp-json\/wp\/v2\/pages\/176","targetHints":{"allow":["GET"]}}],"collection":[{"href":"https:\/\/spektrem.cz\/en\/wp-json\/wp\/v2\/pages"}],"about":[{"href":"https:\/\/spektrem.cz\/en\/wp-json\/wp\/v2\/types\/page"}],"author":[{"embeddable":true,"href":"https:\/\/spektrem.cz\/en\/wp-json\/wp\/v2\/users\/2"}],"replies":[{"embeddable":true,"href":"https:\/\/spektrem.cz\/en\/wp-json\/wp\/v2\/comments?post=176"}],"version-history":[{"count":11,"href":"https:\/\/spektrem.cz\/en\/wp-json\/wp\/v2\/pages\/176\/revisions"}],"predecessor-version":[{"id":1245,"href":"https:\/\/spektrem.cz\/en\/wp-json\/wp\/v2\/pages\/176\/revisions\/1245"}],"wp:attachment":[{"href":"https:\/\/spektrem.cz\/en\/wp-json\/wp\/v2\/media?parent=176"}],"curies":[{"name":"wp","href":"https:\/\/api.w.org\/{rel}","templated":true}]}}