{"id":479,"date":"2024-01-24T00:12:24","date_gmt":"2024-01-23T23:12:24","guid":{"rendered":"https:\/\/spektrem.cz\/?page_id=479"},"modified":"2024-02-13T15:37:23","modified_gmt":"2024-02-13T14:37:23","slug":"bydleni","status":"publish","type":"page","link":"https:\/\/spektrem.cz\/cz\/sdilime\/bydleni\/","title":{"rendered":"BYDLEN\u00cd"},"content":{"rendered":"\t\t<div data-elementor-type=\"wp-page\" data-elementor-id=\"479\" class=\"elementor elementor-479\">\n\t\t\t\t<div class=\"elementor-element elementor-element-325d09d2 e-flex e-con-boxed e-con e-parent\" data-id=\"325d09d2\" data-element_type=\"container\" data-e-type=\"container\">\n\t\t\t\t\t<div class=\"e-con-inner\">\n\t\t\t\t<div class=\"elementor-element elementor-element-7915c9a1 elementor-widget-divider--view-line elementor-widget elementor-widget-divider\" data-id=\"7915c9a1\" data-element_type=\"widget\" data-e-type=\"widget\" data-widget_type=\"divider.default\">\n\t\t\t\t\t\t\t<div class=\"elementor-divider\">\n\t\t\t<span class=\"elementor-divider-separator\">\n\t\t\t\t\t\t<\/span>\n\t\t<\/div>\n\t\t\t\t\t\t<\/div>\n\t\t\t\t\t<\/div>\n\t\t\t\t<\/div>\n\t\t<div class=\"elementor-element elementor-element-10d5e497 e-flex e-con-boxed e-con e-parent\" data-id=\"10d5e497\" data-element_type=\"container\" data-e-type=\"container\">\n\t\t\t\t\t<div class=\"e-con-inner\">\n\t\t\t\t<div class=\"elementor-element elementor-element-63fc086 elementor-widget-divider--view-line elementor-widget elementor-widget-divider\" data-id=\"63fc086\" data-element_type=\"widget\" data-e-type=\"widget\" data-widget_type=\"divider.default\">\n\t\t\t\t\t\t\t<div class=\"elementor-divider\">\n\t\t\t<span class=\"elementor-divider-separator\">\n\t\t\t\t\t\t<\/span>\n\t\t<\/div>\n\t\t\t\t\t\t<\/div>\n\t\t\t\t\t<\/div>\n\t\t\t\t<\/div>\n\t\t<div class=\"elementor-element elementor-element-30a4ada7 e-flex e-con-boxed e-con e-parent\" data-id=\"30a4ada7\" data-element_type=\"container\" data-e-type=\"container\">\n\t\t\t\t\t<div class=\"e-con-inner\">\n\t\t\t\t<div class=\"elementor-element elementor-element-1a2bc06c elementor-widget elementor-widget-heading\" data-id=\"1a2bc06c\" data-element_type=\"widget\" data-e-type=\"widget\" data-widget_type=\"heading.default\">\n\t\t\t\t\t<h1 class=\"elementor-heading-title elementor-size-default\">BYDLEN\u00cd<\/h1>\t\t\t\t<\/div>\n\t\t\t\t\t<\/div>\n\t\t\t\t<\/div>\n\t\t<div class=\"elementor-element elementor-element-1aa55e61 e-flex e-con-boxed e-con e-parent\" data-id=\"1aa55e61\" data-element_type=\"container\" data-e-type=\"container\">\n\t\t\t\t\t<div class=\"e-con-inner\">\n\t\t\t\t<div class=\"elementor-element elementor-element-443c6411 elementor-widget-divider--view-line elementor-widget elementor-widget-divider\" data-id=\"443c6411\" data-element_type=\"widget\" data-e-type=\"widget\" data-widget_type=\"divider.default\">\n\t\t\t\t\t\t\t<div class=\"elementor-divider\">\n\t\t\t<span class=\"elementor-divider-separator\">\n\t\t\t\t\t\t<\/span>\n\t\t<\/div>\n\t\t\t\t\t\t<\/div>\n\t\t\t\t\t<\/div>\n\t\t\t\t<\/div>\n\t\t<div class=\"elementor-element elementor-element-ef5a505 e-flex e-con-boxed e-con e-parent\" data-id=\"ef5a505\" data-element_type=\"container\" data-e-type=\"container\">\n\t\t\t\t\t<div class=\"e-con-inner\">\n\t\t<div class=\"elementor-element elementor-element-61653cea e-con-full e-flex e-con e-child\" data-id=\"61653cea\" data-element_type=\"container\" data-e-type=\"container\">\n\t\t\t\t<div class=\"elementor-element elementor-element-75c5363e elementor-widget elementor-widget-text-editor\" data-id=\"75c5363e\" data-element_type=\"widget\" data-e-type=\"widget\" data-widget_type=\"text-editor.default\">\n\t\t\t\t\t\t\t\t\t<p><strong>Str\u00e1nka se p\u0159ipravuje.<\/strong><\/p>\t\t\t\t\t\t\t\t<\/div>\n\t\t\t\t<\/div>\n\t\t<div class=\"elementor-element elementor-element-2992611 e-con-full e-flex e-con e-child\" data-id=\"2992611\" data-element_type=\"container\" data-e-type=\"container\">\n\t\t\t\t<div class=\"elementor-element elementor-element-282e8b52 elementor-widget elementor-widget-image\" data-id=\"282e8b52\" data-element_type=\"widget\" data-e-type=\"widget\" data-widget_type=\"image.default\">\n\t\t\t\t\t\t\t\t\t\t\t\t\t\t\t<img decoding=\"async\" width=\"150\" height=\"150\" src=\"https:\/\/spektrem.cz\/wp-content\/uploads\/2024\/01\/logo-150x150.png\" class=\"attachment-thumbnail size-thumbnail wp-image-217\" alt=\"\" srcset=\"https:\/\/spektrem.cz\/wp-content\/uploads\/2024\/01\/logo-150x150.png 150w, https:\/\/spektrem.cz\/wp-content\/uploads\/2024\/01\/logo-300x300.png 300w, https:\/\/spektrem.cz\/wp-content\/uploads\/2024\/01\/logo-12x12.png 12w, https:\/\/spektrem.cz\/wp-content\/uploads\/2024\/01\/logo-200x200.png 200w, https:\/\/spektrem.cz\/wp-content\/uploads\/2024\/01\/logo.png 500w\" sizes=\"(max-width: 150px) 100vw, 150px\" \/>\t\t\t\t\t\t\t\t\t\t\t\t\t\t\t<\/div>\n\t\t\t\t<\/div>\n\t\t\t\t\t<\/div>\n\t\t\t\t<\/div>\n\t\t<div class=\"elementor-element elementor-element-52f64a92 e-flex e-con-boxed e-con e-parent\" data-id=\"52f64a92\" data-element_type=\"container\" data-e-type=\"container\">\n\t\t\t\t\t<div class=\"e-con-inner\">\n\t\t\t\t<div class=\"elementor-element elementor-element-1893365f elementor-widget-divider--view-line elementor-widget elementor-widget-divider\" data-id=\"1893365f\" data-element_type=\"widget\" data-e-type=\"widget\" data-widget_type=\"divider.default\">\n\t\t\t\t\t\t\t<div class=\"elementor-divider\">\n\t\t\t<span class=\"elementor-divider-separator\">\n\t\t\t\t\t\t<\/span>\n\t\t<\/div>\n\t\t\t\t\t\t<\/div>\n\t\t\t\t\t<\/div>\n\t\t\t\t<\/div>\n\t\t<div class=\"elementor-element elementor-element-565f3e2f e-flex e-con-boxed e-con e-parent\" data-id=\"565f3e2f\" data-element_type=\"container\" data-e-type=\"container\">\n\t\t\t\t\t<div class=\"e-con-inner\">\n\t\t\t\t<div class=\"elementor-element elementor-element-33322435 elementor-align-center elementor-widget elementor-widget-button\" data-id=\"33322435\" data-element_type=\"widget\" data-e-type=\"widget\" data-widget_type=\"button.default\">\n\t\t\t\t\t\t\t\t\t\t<a class=\"elementor-button elementor-button-link elementor-size-sm\" href=\"https:\/\/spektrem.cz\">\n\t\t\t\t\t\t<span class=\"elementor-button-content-wrapper\">\n\t\t\t\t\t\t\t\t\t<span class=\"elementor-button-text\">SPEKTREM<\/span>\n\t\t\t\t\t<\/span>\n\t\t\t\t\t<\/a>\n\t\t\t\t\t\t\t\t<\/div>\n\t\t\t\t\t<\/div>\n\t\t\t\t<\/div>\n\t\t<div class=\"elementor-element elementor-element-349ebd9a e-flex e-con-boxed e-con e-parent\" data-id=\"349ebd9a\" data-element_type=\"container\" data-e-type=\"container\">\n\t\t\t\t\t<div class=\"e-con-inner\">\n\t\t\t\t<div class=\"elementor-element elementor-element-3fbd4284 elementor-widget-divider--view-line elementor-widget elementor-widget-divider\" data-id=\"3fbd4284\" data-element_type=\"widget\" data-e-type=\"widget\" data-widget_type=\"divider.default\">\n\t\t\t\t\t\t\t<div class=\"elementor-divider\">\n\t\t\t<span class=\"elementor-divider-separator\">\n\t\t\t\t\t\t<\/span>\n\t\t<\/div>\n\t\t\t\t\t\t<\/div>\n\t\t\t\t\t<\/div>\n\t\t\t\t<\/div>\n\t\t\t\t<\/div>\n\t\t","protected":false},"excerpt":{"rendered":"<p>BYDLEN\u00cd Str\u00e1nka se p\u0159ipravuje. SPEKTREM<\/p>\n","protected":false},"author":2,"featured_media":0,"parent":284,"menu_order":0,"comment_status":"closed","ping_status":"closed","template":"","meta":{"site-sidebar-layout":"no-sidebar","site-content-layout":"","ast-site-content-layout":"full-width-container","site-content-style":"default","site-sidebar-style":"default","ast-global-header-display":"","ast-banner-title-visibility":"","ast-main-header-display":"","ast-hfb-above-header-display":"","ast-hfb-below-header-display":"","ast-hfb-mobile-header-display":"","site-post-title":"disabled","ast-breadcrumbs-content":"","ast-featured-img":"disabled","footer-sml-layout":"","ast-disable-related-posts":"","theme-transparent-header-meta":"","adv-header-id-meta":"","stick-header-meta":"","header-above-stick-meta":"","header-main-stick-meta":"","header-below-stick-meta":"","astra-migrate-meta-layouts":"default","ast-page-background-enabled":"default","ast-page-background-meta":{"desktop":{"background-color":"var(--ast-global-color-4)","background-image":"","background-repeat":"repeat","background-position":"center center","background-size":"auto","background-attachment":"scroll","background-type":"","background-media":"","overlay-type":"","overlay-color":"","overlay-opacity":"","overlay-gradient":""},"tablet":{"background-color":"","background-image":"","background-repeat":"repeat","background-position":"center center","background-size":"auto","background-attachment":"scroll","background-type":"","background-media":"","overlay-type":"","overlay-color":"","overlay-opacity":"","overlay-gradient":""},"mobile":{"background-color":"","background-image":"","background-repeat":"repeat","background-position":"center center","background-size":"auto","background-attachment":"scroll","background-type":"","background-media":"","overlay-type":"","overlay-color":"","overlay-opacity":"","overlay-gradient":""}},"ast-content-background-meta":{"desktop":{"background-color":"var(--ast-global-color-5)","background-image":"","background-repeat":"repeat","background-position":"center center","background-size":"auto","background-attachment":"scroll","background-type":"","background-media":"","overlay-type":"","overlay-color":"","overlay-opacity":"","overlay-gradient":""},"tablet":{"background-color":"var(--ast-global-color-5)","background-image":"","background-repeat":"repeat","background-position":"center center","background-size":"auto","background-attachment":"scroll","background-type":"","background-media":"","overlay-type":"","overlay-color":"","overlay-opacity":"","overlay-gradient":""},"mobile":{"background-color":"var(--ast-global-color-5)","background-image":"","background-repeat":"repeat","background-position":"center center","background-size":"auto","background-attachment":"scroll","background-type":"","background-media":"","overlay-type":"","overlay-color":"","overlay-opacity":"","overlay-gradient":""}},"footnotes":""},"class_list":["post-479","page","type-page","status-publish","hentry"],"yoast_head":"<!-- This site is optimized with the Yoast SEO plugin v26.9 - https:\/\/yoast.com\/product\/yoast-seo-wordpress\/ -->\n<title>BYDLEN\u00cd - SPEKTREM<\/title>\n<meta name=\"robots\" content=\"index, follow, max-snippet:-1, max-image-preview:large, max-video-preview:-1\" \/>\n<link rel=\"canonical\" href=\"https:\/\/spektrem.cz\/cz\/sdilime\/bydleni\/\" \/>\n<meta property=\"og:locale\" content=\"cs_CZ\" \/>\n<meta property=\"og:type\" content=\"article\" \/>\n<meta property=\"og:title\" content=\"BYDLEN\u00cd - SPEKTREM\" \/>\n<meta property=\"og:description\" content=\"BYDLEN\u00cd Str\u00e1nka se p\u0159ipravuje. SPEKTREM\" \/>\n<meta property=\"og:url\" content=\"https:\/\/spektrem.cz\/cz\/sdilime\/bydleni\/\" \/>\n<meta property=\"og:site_name\" content=\"SPEKTREM\" \/>\n<meta property=\"article:modified_time\" content=\"2024-02-13T14:37:23+00:00\" \/>\n<meta property=\"og:image\" content=\"https:\/\/spektrem.cz\/wp-content\/uploads\/2024\/01\/logo-150x150.png\" \/>\n<meta name=\"twitter:card\" content=\"summary_large_image\" \/>\n<meta name=\"twitter:label1\" content=\"Odhadovan\u00e1 doba \u010dten\u00ed\" \/>\n\t<meta name=\"twitter:data1\" content=\"1 minuta\" \/>\n<script type=\"application\/ld+json\" class=\"yoast-schema-graph\">{\"@context\":\"https:\/\/schema.org\",\"@graph\":[{\"@type\":\"WebPage\",\"@id\":\"https:\/\/spektrem.cz\/sdilime\/bydleni\/\",\"url\":\"https:\/\/spektrem.cz\/sdilime\/bydleni\/\",\"name\":\"BYDLEN\u00cd - SPEKTREM\",\"isPartOf\":{\"@id\":\"https:\/\/spektrem.cz\/cz\/#website\"},\"primaryImageOfPage\":{\"@id\":\"https:\/\/spektrem.cz\/sdilime\/bydleni\/#primaryimage\"},\"image\":{\"@id\":\"https:\/\/spektrem.cz\/sdilime\/bydleni\/#primaryimage\"},\"thumbnailUrl\":\"https:\/\/spektrem.cz\/wp-content\/uploads\/2024\/01\/logo-150x150.png\",\"datePublished\":\"2024-01-23T23:12:24+00:00\",\"dateModified\":\"2024-02-13T14:37:23+00:00\",\"breadcrumb\":{\"@id\":\"https:\/\/spektrem.cz\/sdilime\/bydleni\/#breadcrumb\"},\"inLanguage\":\"cs\",\"potentialAction\":[{\"@type\":\"ReadAction\",\"target\":[\"https:\/\/spektrem.cz\/sdilime\/bydleni\/\"]}]},{\"@type\":\"ImageObject\",\"inLanguage\":\"cs\",\"@id\":\"https:\/\/spektrem.cz\/sdilime\/bydleni\/#primaryimage\",\"url\":\"https:\/\/spektrem.cz\/wp-content\/uploads\/2024\/01\/logo-150x150.png\",\"contentUrl\":\"https:\/\/spektrem.cz\/wp-content\/uploads\/2024\/01\/logo-150x150.png\"},{\"@type\":\"BreadcrumbList\",\"@id\":\"https:\/\/spektrem.cz\/sdilime\/bydleni\/#breadcrumb\",\"itemListElement\":[{\"@type\":\"ListItem\",\"position\":1,\"name\":\"Dom\u016f\",\"item\":\"https:\/\/spektrem.cz\/cz\/\"},{\"@type\":\"ListItem\",\"position\":2,\"name\":\"SD\u00cdL\u00cdME\",\"item\":\"https:\/\/spektrem.cz\/sdilime\/\"},{\"@type\":\"ListItem\",\"position\":3,\"name\":\"BYDLEN\u00cd\"}]},{\"@type\":\"WebSite\",\"@id\":\"https:\/\/spektrem.cz\/cz\/#website\",\"url\":\"https:\/\/spektrem.cz\/cz\/\",\"name\":\"SPEKTREM\",\"description\":\"Zlat\u00e9 \u010desk\u00e9 ru\u010di\u010dky a hlavi\u010dky\",\"publisher\":{\"@id\":\"https:\/\/spektrem.cz\/cz\/#organization\"},\"potentialAction\":[{\"@type\":\"SearchAction\",\"target\":{\"@type\":\"EntryPoint\",\"urlTemplate\":\"https:\/\/spektrem.cz\/cz\/?s={search_term_string}\"},\"query-input\":{\"@type\":\"PropertyValueSpecification\",\"valueRequired\":true,\"valueName\":\"search_term_string\"}}],\"inLanguage\":\"cs\"},{\"@type\":\"Organization\",\"@id\":\"https:\/\/spektrem.cz\/cz\/#organization\",\"name\":\"SPEKTREM\",\"url\":\"https:\/\/spektrem.cz\/cz\/\",\"logo\":{\"@type\":\"ImageObject\",\"inLanguage\":\"cs\",\"@id\":\"https:\/\/spektrem.cz\/cz\/#\/schema\/logo\/image\/\",\"url\":\"https:\/\/spektrem.cz\/wp-content\/uploads\/2024\/01\/logo_spektrem.svg\",\"contentUrl\":\"https:\/\/spektrem.cz\/wp-content\/uploads\/2024\/01\/logo_spektrem.svg\",\"width\":50,\"height\":50,\"caption\":\"SPEKTREM\"},\"image\":{\"@id\":\"https:\/\/spektrem.cz\/cz\/#\/schema\/logo\/image\/\"}}]}<\/script>\n<!-- \/ Yoast SEO plugin. -->","yoast_head_json":{"title":"BYDLEN\u00cd - SPEKTREM","robots":{"index":"index","follow":"follow","max-snippet":"max-snippet:-1","max-image-preview":"max-image-preview:large","max-video-preview":"max-video-preview:-1"},"canonical":"https:\/\/spektrem.cz\/cz\/sdilime\/bydleni\/","og_locale":"cs_CZ","og_type":"article","og_title":"BYDLEN\u00cd - SPEKTREM","og_description":"BYDLEN\u00cd Str\u00e1nka se p\u0159ipravuje. SPEKTREM","og_url":"https:\/\/spektrem.cz\/cz\/sdilime\/bydleni\/","og_site_name":"SPEKTREM","article_modified_time":"2024-02-13T14:37:23+00:00","og_image":[{"url":"https:\/\/spektrem.cz\/wp-content\/uploads\/2024\/01\/logo-150x150.png","type":"","width":"","height":""}],"twitter_card":"summary_large_image","twitter_misc":{"Odhadovan\u00e1 doba \u010dten\u00ed":"1 minuta"},"schema":{"@context":"https:\/\/schema.org","@graph":[{"@type":"WebPage","@id":"https:\/\/spektrem.cz\/sdilime\/bydleni\/","url":"https:\/\/spektrem.cz\/sdilime\/bydleni\/","name":"BYDLEN\u00cd - SPEKTREM","isPartOf":{"@id":"https:\/\/spektrem.cz\/cz\/#website"},"primaryImageOfPage":{"@id":"https:\/\/spektrem.cz\/sdilime\/bydleni\/#primaryimage"},"image":{"@id":"https:\/\/spektrem.cz\/sdilime\/bydleni\/#primaryimage"},"thumbnailUrl":"https:\/\/spektrem.cz\/wp-content\/uploads\/2024\/01\/logo-150x150.png","datePublished":"2024-01-23T23:12:24+00:00","dateModified":"2024-02-13T14:37:23+00:00","breadcrumb":{"@id":"https:\/\/spektrem.cz\/sdilime\/bydleni\/#breadcrumb"},"inLanguage":"cs","potentialAction":[{"@type":"ReadAction","target":["https:\/\/spektrem.cz\/sdilime\/bydleni\/"]}]},{"@type":"ImageObject","inLanguage":"cs","@id":"https:\/\/spektrem.cz\/sdilime\/bydleni\/#primaryimage","url":"https:\/\/spektrem.cz\/wp-content\/uploads\/2024\/01\/logo-150x150.png","contentUrl":"https:\/\/spektrem.cz\/wp-content\/uploads\/2024\/01\/logo-150x150.png"},{"@type":"BreadcrumbList","@id":"https:\/\/spektrem.cz\/sdilime\/bydleni\/#breadcrumb","itemListElement":[{"@type":"ListItem","position":1,"name":"Dom\u016f","item":"https:\/\/spektrem.cz\/cz\/"},{"@type":"ListItem","position":2,"name":"SD\u00cdL\u00cdME","item":"https:\/\/spektrem.cz\/sdilime\/"},{"@type":"ListItem","position":3,"name":"BYDLEN\u00cd"}]},{"@type":"WebSite","@id":"https:\/\/spektrem.cz\/cz\/#website","url":"https:\/\/spektrem.cz\/cz\/","name":"SPEKTREM","description":"Zlat\u00e9 \u010desk\u00e9 ru\u010di\u010dky a hlavi\u010dky","publisher":{"@id":"https:\/\/spektrem.cz\/cz\/#organization"},"potentialAction":[{"@type":"SearchAction","target":{"@type":"EntryPoint","urlTemplate":"https:\/\/spektrem.cz\/cz\/?s={search_term_string}"},"query-input":{"@type":"PropertyValueSpecification","valueRequired":true,"valueName":"search_term_string"}}],"inLanguage":"cs"},{"@type":"Organization","@id":"https:\/\/spektrem.cz\/cz\/#organization","name":"SPEKTREM","url":"https:\/\/spektrem.cz\/cz\/","logo":{"@type":"ImageObject","inLanguage":"cs","@id":"https:\/\/spektrem.cz\/cz\/#\/schema\/logo\/image\/","url":"https:\/\/spektrem.cz\/wp-content\/uploads\/2024\/01\/logo_spektrem.svg","contentUrl":"https:\/\/spektrem.cz\/wp-content\/uploads\/2024\/01\/logo_spektrem.svg","width":50,"height":50,"caption":"SPEKTREM"},"image":{"@id":"https:\/\/spektrem.cz\/cz\/#\/schema\/logo\/image\/"}}]}},"_links":{"self":[{"href":"https:\/\/spektrem.cz\/cz\/wp-json\/wp\/v2\/pages\/479","targetHints":{"allow":["GET"]}}],"collection":[{"href":"https:\/\/spektrem.cz\/cz\/wp-json\/wp\/v2\/pages"}],"about":[{"href":"https:\/\/spektrem.cz\/cz\/wp-json\/wp\/v2\/types\/page"}],"author":[{"embeddable":true,"href":"https:\/\/spektrem.cz\/cz\/wp-json\/wp\/v2\/users\/2"}],"replies":[{"embeddable":true,"href":"https:\/\/spektrem.cz\/cz\/wp-json\/wp\/v2\/comments?post=479"}],"version-history":[{"count":8,"href":"https:\/\/spektrem.cz\/cz\/wp-json\/wp\/v2\/pages\/479\/revisions"}],"predecessor-version":[{"id":987,"href":"https:\/\/spektrem.cz\/cz\/wp-json\/wp\/v2\/pages\/479\/revisions\/987"}],"up":[{"embeddable":true,"href":"https:\/\/spektrem.cz\/cz\/wp-json\/wp\/v2\/pages\/284"}],"wp:attachment":[{"href":"https:\/\/spektrem.cz\/cz\/wp-json\/wp\/v2\/media?parent=479"}],"curies":[{"name":"wp","href":"https:\/\/api.w.org\/{rel}","templated":true}]}}