{"id":320,"date":"2024-01-06T19:40:48","date_gmt":"2024-01-06T18:40:48","guid":{"rendered":"https:\/\/spektrem.cz\/?page_id=320"},"modified":"2024-02-13T15:24:26","modified_gmt":"2024-02-13T14:24:26","slug":"zdravi","status":"publish","type":"page","link":"https:\/\/spektrem.cz\/cz\/zdravi\/","title":{"rendered":"ZDRAV\u00cd"},"content":{"rendered":"\t\t<div data-elementor-type=\"wp-page\" data-elementor-id=\"320\" class=\"elementor elementor-320\">\n\t\t\t\t<div class=\"elementor-element elementor-element-75b3a1c9 e-flex e-con-boxed e-con e-parent\" data-id=\"75b3a1c9\" data-element_type=\"container\" data-e-type=\"container\">\n\t\t\t\t\t<div class=\"e-con-inner\">\n\t\t\t\t<div class=\"elementor-element elementor-element-776e3c10 elementor-widget-divider--view-line elementor-widget elementor-widget-divider\" data-id=\"776e3c10\" data-element_type=\"widget\" data-e-type=\"widget\" data-widget_type=\"divider.default\">\n\t\t\t\t\t\t\t<div class=\"elementor-divider\">\n\t\t\t<span class=\"elementor-divider-separator\">\n\t\t\t\t\t\t<\/span>\n\t\t<\/div>\n\t\t\t\t\t\t<\/div>\n\t\t\t\t\t<\/div>\n\t\t\t\t<\/div>\n\t\t<div class=\"elementor-element elementor-element-18a90c8d e-flex e-con-boxed e-con e-parent\" data-id=\"18a90c8d\" data-element_type=\"container\" data-e-type=\"container\">\n\t\t\t\t\t<div class=\"e-con-inner\">\n\t\t\t\t<div class=\"elementor-element elementor-element-ba4c033 elementor-widget-divider--view-line elementor-widget elementor-widget-divider\" data-id=\"ba4c033\" data-element_type=\"widget\" data-e-type=\"widget\" data-widget_type=\"divider.default\">\n\t\t\t\t\t\t\t<div class=\"elementor-divider\">\n\t\t\t<span class=\"elementor-divider-separator\">\n\t\t\t\t\t\t<\/span>\n\t\t<\/div>\n\t\t\t\t\t\t<\/div>\n\t\t\t\t\t<\/div>\n\t\t\t\t<\/div>\n\t\t<div class=\"elementor-element elementor-element-16b8a55c e-flex e-con-boxed e-con e-parent\" data-id=\"16b8a55c\" data-element_type=\"container\" data-e-type=\"container\">\n\t\t\t\t\t<div class=\"e-con-inner\">\n\t\t\t\t<div class=\"elementor-element elementor-element-609c6326 elementor-widget elementor-widget-heading\" data-id=\"609c6326\" data-element_type=\"widget\" data-e-type=\"widget\" data-widget_type=\"heading.default\">\n\t\t\t\t\t<h1 class=\"elementor-heading-title elementor-size-default\">ZDRAV\u00cd<\/h1>\t\t\t\t<\/div>\n\t\t\t\t\t<\/div>\n\t\t\t\t<\/div>\n\t\t<div class=\"elementor-element elementor-element-43310274 e-flex e-con-boxed e-con e-parent\" data-id=\"43310274\" data-element_type=\"container\" data-e-type=\"container\">\n\t\t\t\t\t<div class=\"e-con-inner\">\n\t\t\t\t<div class=\"elementor-element elementor-element-3ce631ce elementor-widget-divider--view-line elementor-widget elementor-widget-divider\" data-id=\"3ce631ce\" data-element_type=\"widget\" data-e-type=\"widget\" data-widget_type=\"divider.default\">\n\t\t\t\t\t\t\t<div class=\"elementor-divider\">\n\t\t\t<span class=\"elementor-divider-separator\">\n\t\t\t\t\t\t<\/span>\n\t\t<\/div>\n\t\t\t\t\t\t<\/div>\n\t\t\t\t\t<\/div>\n\t\t\t\t<\/div>\n\t\t<div class=\"elementor-element elementor-element-4a0ed827 e-flex e-con-boxed e-con e-parent\" data-id=\"4a0ed827\" data-element_type=\"container\" data-e-type=\"container\">\n\t\t\t\t\t<div class=\"e-con-inner\">\n\t\t<div class=\"elementor-element elementor-element-5e9f1f31 e-con-full e-flex e-con e-child\" data-id=\"5e9f1f31\" data-element_type=\"container\" data-e-type=\"container\">\n\t\t\t\t<div class=\"elementor-element elementor-element-444bd55 elementor-widget elementor-widget-text-editor\" data-id=\"444bd55\" data-element_type=\"widget\" data-e-type=\"widget\" data-widget_type=\"text-editor.default\">\n\t\t\t\t\t\t\t\t\t<p><strong>Str\u00e1nka se p\u0159ipravuje.<\/strong><\/p>\t\t\t\t\t\t\t\t<\/div>\n\t\t\t\t<\/div>\n\t\t<div class=\"elementor-element elementor-element-3f62e71c e-con-full e-flex e-con e-child\" data-id=\"3f62e71c\" data-element_type=\"container\" data-e-type=\"container\">\n\t\t\t\t<div class=\"elementor-element elementor-element-708edcf1 elementor-widget elementor-widget-image\" data-id=\"708edcf1\" data-element_type=\"widget\" data-e-type=\"widget\" data-widget_type=\"image.default\">\n\t\t\t\t\t\t\t\t\t\t\t\t\t\t\t<img decoding=\"async\" width=\"150\" height=\"150\" src=\"https:\/\/spektrem.cz\/wp-content\/uploads\/2024\/01\/logo-150x150.png\" class=\"attachment-thumbnail size-thumbnail wp-image-217\" alt=\"\" srcset=\"https:\/\/spektrem.cz\/wp-content\/uploads\/2024\/01\/logo-150x150.png 150w, https:\/\/spektrem.cz\/wp-content\/uploads\/2024\/01\/logo-300x300.png 300w, https:\/\/spektrem.cz\/wp-content\/uploads\/2024\/01\/logo-12x12.png 12w, https:\/\/spektrem.cz\/wp-content\/uploads\/2024\/01\/logo-200x200.png 200w, https:\/\/spektrem.cz\/wp-content\/uploads\/2024\/01\/logo.png 500w\" sizes=\"(max-width: 150px) 100vw, 150px\" \/>\t\t\t\t\t\t\t\t\t\t\t\t\t\t\t<\/div>\n\t\t\t\t<\/div>\n\t\t\t\t\t<\/div>\n\t\t\t\t<\/div>\n\t\t<div class=\"elementor-element elementor-element-44013d7a e-flex e-con-boxed e-con e-parent\" data-id=\"44013d7a\" data-element_type=\"container\" data-e-type=\"container\">\n\t\t\t\t\t<div class=\"e-con-inner\">\n\t\t\t\t<div class=\"elementor-element elementor-element-12dbff57 elementor-widget-divider--view-line elementor-widget elementor-widget-divider\" data-id=\"12dbff57\" data-element_type=\"widget\" data-e-type=\"widget\" data-widget_type=\"divider.default\">\n\t\t\t\t\t\t\t<div class=\"elementor-divider\">\n\t\t\t<span class=\"elementor-divider-separator\">\n\t\t\t\t\t\t<\/span>\n\t\t<\/div>\n\t\t\t\t\t\t<\/div>\n\t\t\t\t\t<\/div>\n\t\t\t\t<\/div>\n\t\t<div class=\"elementor-element elementor-element-384ec6b e-flex e-con-boxed e-con e-parent\" data-id=\"384ec6b\" data-element_type=\"container\" data-e-type=\"container\">\n\t\t\t\t\t<div class=\"e-con-inner\">\n\t\t<div class=\"elementor-element elementor-element-b40df4d e-con-full e-flex e-con e-child\" data-id=\"b40df4d\" data-element_type=\"container\" data-e-type=\"container\">\n\t\t\t\t<div class=\"elementor-element elementor-element-26c675f5 elementor-align-center elementor-widget elementor-widget-button\" data-id=\"26c675f5\" data-element_type=\"widget\" data-e-type=\"widget\" data-widget_type=\"button.default\">\n\t\t\t\t\t\t\t\t\t\t<a class=\"elementor-button elementor-button-link elementor-size-sm\" href=\"https:\/\/spektrem.cz\/zdravi\/dle-odbornych-clanku\/\">\n\t\t\t\t\t\t<span class=\"elementor-button-content-wrapper\">\n\t\t\t\t\t\t\t\t\t<span class=\"elementor-button-text\">DLE ODBORN\u00ddCH \u010cL\u00c1NK\u016e<\/span>\n\t\t\t\t\t<\/span>\n\t\t\t\t\t<\/a>\n\t\t\t\t\t\t\t\t<\/div>\n\t\t\t\t<\/div>\n\t\t<div class=\"elementor-element elementor-element-169a784 e-con-full e-flex e-con e-child\" data-id=\"169a784\" data-element_type=\"container\" data-e-type=\"container\">\n\t\t\t\t<div class=\"elementor-element elementor-element-d99c5e2 elementor-align-center elementor-widget elementor-widget-button\" data-id=\"d99c5e2\" data-element_type=\"widget\" data-e-type=\"widget\" data-widget_type=\"button.default\">\n\t\t\t\t\t\t\t\t\t\t<a class=\"elementor-button elementor-button-link elementor-size-sm\" href=\"https:\/\/spektrem.cz\/zdravi\/dle-mapy-tela\/\">\n\t\t\t\t\t\t<span class=\"elementor-button-content-wrapper\">\n\t\t\t\t\t\t\t\t\t<span class=\"elementor-button-text\">DLE MAPY T\u011aLA<\/span>\n\t\t\t\t\t<\/span>\n\t\t\t\t\t<\/a>\n\t\t\t\t\t\t\t\t<\/div>\n\t\t\t\t<\/div>\n\t\t\t\t\t<\/div>\n\t\t\t\t<\/div>\n\t\t<div class=\"elementor-element elementor-element-60695877 e-flex e-con-boxed e-con e-parent\" data-id=\"60695877\" data-element_type=\"container\" data-e-type=\"container\">\n\t\t\t\t\t<div class=\"e-con-inner\">\n\t\t\t\t<div class=\"elementor-element elementor-element-74056be2 elementor-widget-divider--view-line elementor-widget elementor-widget-divider\" data-id=\"74056be2\" data-element_type=\"widget\" data-e-type=\"widget\" data-widget_type=\"divider.default\">\n\t\t\t\t\t\t\t<div class=\"elementor-divider\">\n\t\t\t<span class=\"elementor-divider-separator\">\n\t\t\t\t\t\t<\/span>\n\t\t<\/div>\n\t\t\t\t\t\t<\/div>\n\t\t\t\t\t<\/div>\n\t\t\t\t<\/div>\n\t\t\t\t<\/div>\n\t\t","protected":false},"excerpt":{"rendered":"<p>ZDRAV\u00cd Str\u00e1nka se p\u0159ipravuje. DLE ODBORN\u00ddCH \u010cL\u00c1NK\u016e DLE MAPY T\u011aLA<\/p>\n","protected":false},"author":2,"featured_media":0,"parent":0,"menu_order":12,"comment_status":"closed","ping_status":"closed","template":"","meta":{"site-sidebar-layout":"no-sidebar","site-content-layout":"","ast-site-content-layout":"full-width-container","site-content-style":"default","site-sidebar-style":"default","ast-global-header-display":"","ast-banner-title-visibility":"","ast-main-header-display":"","ast-hfb-above-header-display":"","ast-hfb-below-header-display":"","ast-hfb-mobile-header-display":"","site-post-title":"disabled","ast-breadcrumbs-content":"","ast-featured-img":"disabled","footer-sml-layout":"","ast-disable-related-posts":"","theme-transparent-header-meta":"","adv-header-id-meta":"","stick-header-meta":"","header-above-stick-meta":"","header-main-stick-meta":"","header-below-stick-meta":"","astra-migrate-meta-layouts":"default","ast-page-background-enabled":"default","ast-page-background-meta":{"desktop":{"background-color":"var(--ast-global-color-4)","background-image":"","background-repeat":"repeat","background-position":"center center","background-size":"auto","background-attachment":"scroll","background-type":"","background-media":"","overlay-type":"","overlay-color":"","overlay-opacity":"","overlay-gradient":""},"tablet":{"background-color":"","background-image":"","background-repeat":"repeat","background-position":"center center","background-size":"auto","background-attachment":"scroll","background-type":"","background-media":"","overlay-type":"","overlay-color":"","overlay-opacity":"","overlay-gradient":""},"mobile":{"background-color":"","background-image":"","background-repeat":"repeat","background-position":"center center","background-size":"auto","background-attachment":"scroll","background-type":"","background-media":"","overlay-type":"","overlay-color":"","overlay-opacity":"","overlay-gradient":""}},"ast-content-background-meta":{"desktop":{"background-color":"var(--ast-global-color-5)","background-image":"","background-repeat":"repeat","background-position":"center center","background-size":"auto","background-attachment":"scroll","background-type":"","background-media":"","overlay-type":"","overlay-color":"","overlay-opacity":"","overlay-gradient":""},"tablet":{"background-color":"var(--ast-global-color-5)","background-image":"","background-repeat":"repeat","background-position":"center center","background-size":"auto","background-attachment":"scroll","background-type":"","background-media":"","overlay-type":"","overlay-color":"","overlay-opacity":"","overlay-gradient":""},"mobile":{"background-color":"var(--ast-global-color-5)","background-image":"","background-repeat":"repeat","background-position":"center center","background-size":"auto","background-attachment":"scroll","background-type":"","background-media":"","overlay-type":"","overlay-color":"","overlay-opacity":"","overlay-gradient":""}},"footnotes":""},"class_list":["post-320","page","type-page","status-publish","hentry"],"yoast_head":"<!-- This site is optimized with the Yoast SEO plugin v26.9 - https:\/\/yoast.com\/product\/yoast-seo-wordpress\/ -->\n<title>ZDRAV\u00cd - SPEKTREM<\/title>\n<meta name=\"robots\" content=\"index, follow, max-snippet:-1, max-image-preview:large, max-video-preview:-1\" \/>\n<link rel=\"canonical\" href=\"https:\/\/spektrem.cz\/cz\/zdravi\/\" \/>\n<meta property=\"og:locale\" content=\"cs_CZ\" \/>\n<meta property=\"og:type\" content=\"article\" \/>\n<meta property=\"og:title\" content=\"ZDRAV\u00cd - SPEKTREM\" \/>\n<meta property=\"og:description\" content=\"ZDRAV\u00cd Str\u00e1nka se p\u0159ipravuje. DLE ODBORN\u00ddCH \u010cL\u00c1NK\u016e DLE MAPY T\u011aLA\" \/>\n<meta property=\"og:url\" content=\"https:\/\/spektrem.cz\/cz\/zdravi\/\" \/>\n<meta property=\"og:site_name\" content=\"SPEKTREM\" \/>\n<meta property=\"article:modified_time\" content=\"2024-02-13T14:24:26+00:00\" \/>\n<meta property=\"og:image\" content=\"https:\/\/spektrem.cz\/wp-content\/uploads\/2024\/01\/logo-150x150.png\" \/>\n<meta name=\"twitter:card\" content=\"summary_large_image\" \/>\n<meta name=\"twitter:label1\" content=\"Odhadovan\u00e1 doba \u010dten\u00ed\" \/>\n\t<meta name=\"twitter:data1\" content=\"1 minuta\" \/>\n<script type=\"application\/ld+json\" class=\"yoast-schema-graph\">{\"@context\":\"https:\/\/schema.org\",\"@graph\":[{\"@type\":\"WebPage\",\"@id\":\"https:\/\/spektrem.cz\/zdravi\/\",\"url\":\"https:\/\/spektrem.cz\/zdravi\/\",\"name\":\"ZDRAV\u00cd - SPEKTREM\",\"isPartOf\":{\"@id\":\"https:\/\/spektrem.cz\/cz\/#website\"},\"primaryImageOfPage\":{\"@id\":\"https:\/\/spektrem.cz\/zdravi\/#primaryimage\"},\"image\":{\"@id\":\"https:\/\/spektrem.cz\/zdravi\/#primaryimage\"},\"thumbnailUrl\":\"https:\/\/spektrem.cz\/wp-content\/uploads\/2024\/01\/logo-150x150.png\",\"datePublished\":\"2024-01-06T18:40:48+00:00\",\"dateModified\":\"2024-02-13T14:24:26+00:00\",\"breadcrumb\":{\"@id\":\"https:\/\/spektrem.cz\/zdravi\/#breadcrumb\"},\"inLanguage\":\"cs\",\"potentialAction\":[{\"@type\":\"ReadAction\",\"target\":[\"https:\/\/spektrem.cz\/zdravi\/\"]}]},{\"@type\":\"ImageObject\",\"inLanguage\":\"cs\",\"@id\":\"https:\/\/spektrem.cz\/zdravi\/#primaryimage\",\"url\":\"https:\/\/spektrem.cz\/wp-content\/uploads\/2024\/01\/logo-150x150.png\",\"contentUrl\":\"https:\/\/spektrem.cz\/wp-content\/uploads\/2024\/01\/logo-150x150.png\"},{\"@type\":\"BreadcrumbList\",\"@id\":\"https:\/\/spektrem.cz\/zdravi\/#breadcrumb\",\"itemListElement\":[{\"@type\":\"ListItem\",\"position\":1,\"name\":\"Dom\u016f\",\"item\":\"https:\/\/spektrem.cz\/cz\/\"},{\"@type\":\"ListItem\",\"position\":2,\"name\":\"ZDRAV\u00cd\"}]},{\"@type\":\"WebSite\",\"@id\":\"https:\/\/spektrem.cz\/cz\/#website\",\"url\":\"https:\/\/spektrem.cz\/cz\/\",\"name\":\"SPEKTREM\",\"description\":\"Zlat\u00e9 \u010desk\u00e9 ru\u010di\u010dky a hlavi\u010dky\",\"publisher\":{\"@id\":\"https:\/\/spektrem.cz\/cz\/#organization\"},\"potentialAction\":[{\"@type\":\"SearchAction\",\"target\":{\"@type\":\"EntryPoint\",\"urlTemplate\":\"https:\/\/spektrem.cz\/cz\/?s={search_term_string}\"},\"query-input\":{\"@type\":\"PropertyValueSpecification\",\"valueRequired\":true,\"valueName\":\"search_term_string\"}}],\"inLanguage\":\"cs\"},{\"@type\":\"Organization\",\"@id\":\"https:\/\/spektrem.cz\/cz\/#organization\",\"name\":\"SPEKTREM\",\"url\":\"https:\/\/spektrem.cz\/cz\/\",\"logo\":{\"@type\":\"ImageObject\",\"inLanguage\":\"cs\",\"@id\":\"https:\/\/spektrem.cz\/cz\/#\/schema\/logo\/image\/\",\"url\":\"https:\/\/spektrem.cz\/wp-content\/uploads\/2024\/01\/logo_spektrem.svg\",\"contentUrl\":\"https:\/\/spektrem.cz\/wp-content\/uploads\/2024\/01\/logo_spektrem.svg\",\"width\":50,\"height\":50,\"caption\":\"SPEKTREM\"},\"image\":{\"@id\":\"https:\/\/spektrem.cz\/cz\/#\/schema\/logo\/image\/\"}}]}<\/script>\n<!-- \/ Yoast SEO plugin. -->","yoast_head_json":{"title":"ZDRAV\u00cd - SPEKTREM","robots":{"index":"index","follow":"follow","max-snippet":"max-snippet:-1","max-image-preview":"max-image-preview:large","max-video-preview":"max-video-preview:-1"},"canonical":"https:\/\/spektrem.cz\/cz\/zdravi\/","og_locale":"cs_CZ","og_type":"article","og_title":"ZDRAV\u00cd - SPEKTREM","og_description":"ZDRAV\u00cd Str\u00e1nka se p\u0159ipravuje. DLE ODBORN\u00ddCH \u010cL\u00c1NK\u016e DLE MAPY T\u011aLA","og_url":"https:\/\/spektrem.cz\/cz\/zdravi\/","og_site_name":"SPEKTREM","article_modified_time":"2024-02-13T14:24:26+00:00","og_image":[{"url":"https:\/\/spektrem.cz\/wp-content\/uploads\/2024\/01\/logo-150x150.png","type":"","width":"","height":""}],"twitter_card":"summary_large_image","twitter_misc":{"Odhadovan\u00e1 doba \u010dten\u00ed":"1 minuta"},"schema":{"@context":"https:\/\/schema.org","@graph":[{"@type":"WebPage","@id":"https:\/\/spektrem.cz\/zdravi\/","url":"https:\/\/spektrem.cz\/zdravi\/","name":"ZDRAV\u00cd - SPEKTREM","isPartOf":{"@id":"https:\/\/spektrem.cz\/cz\/#website"},"primaryImageOfPage":{"@id":"https:\/\/spektrem.cz\/zdravi\/#primaryimage"},"image":{"@id":"https:\/\/spektrem.cz\/zdravi\/#primaryimage"},"thumbnailUrl":"https:\/\/spektrem.cz\/wp-content\/uploads\/2024\/01\/logo-150x150.png","datePublished":"2024-01-06T18:40:48+00:00","dateModified":"2024-02-13T14:24:26+00:00","breadcrumb":{"@id":"https:\/\/spektrem.cz\/zdravi\/#breadcrumb"},"inLanguage":"cs","potentialAction":[{"@type":"ReadAction","target":["https:\/\/spektrem.cz\/zdravi\/"]}]},{"@type":"ImageObject","inLanguage":"cs","@id":"https:\/\/spektrem.cz\/zdravi\/#primaryimage","url":"https:\/\/spektrem.cz\/wp-content\/uploads\/2024\/01\/logo-150x150.png","contentUrl":"https:\/\/spektrem.cz\/wp-content\/uploads\/2024\/01\/logo-150x150.png"},{"@type":"BreadcrumbList","@id":"https:\/\/spektrem.cz\/zdravi\/#breadcrumb","itemListElement":[{"@type":"ListItem","position":1,"name":"Dom\u016f","item":"https:\/\/spektrem.cz\/cz\/"},{"@type":"ListItem","position":2,"name":"ZDRAV\u00cd"}]},{"@type":"WebSite","@id":"https:\/\/spektrem.cz\/cz\/#website","url":"https:\/\/spektrem.cz\/cz\/","name":"SPEKTREM","description":"Zlat\u00e9 \u010desk\u00e9 ru\u010di\u010dky a hlavi\u010dky","publisher":{"@id":"https:\/\/spektrem.cz\/cz\/#organization"},"potentialAction":[{"@type":"SearchAction","target":{"@type":"EntryPoint","urlTemplate":"https:\/\/spektrem.cz\/cz\/?s={search_term_string}"},"query-input":{"@type":"PropertyValueSpecification","valueRequired":true,"valueName":"search_term_string"}}],"inLanguage":"cs"},{"@type":"Organization","@id":"https:\/\/spektrem.cz\/cz\/#organization","name":"SPEKTREM","url":"https:\/\/spektrem.cz\/cz\/","logo":{"@type":"ImageObject","inLanguage":"cs","@id":"https:\/\/spektrem.cz\/cz\/#\/schema\/logo\/image\/","url":"https:\/\/spektrem.cz\/wp-content\/uploads\/2024\/01\/logo_spektrem.svg","contentUrl":"https:\/\/spektrem.cz\/wp-content\/uploads\/2024\/01\/logo_spektrem.svg","width":50,"height":50,"caption":"SPEKTREM"},"image":{"@id":"https:\/\/spektrem.cz\/cz\/#\/schema\/logo\/image\/"}}]}},"_links":{"self":[{"href":"https:\/\/spektrem.cz\/cz\/wp-json\/wp\/v2\/pages\/320","targetHints":{"allow":["GET"]}}],"collection":[{"href":"https:\/\/spektrem.cz\/cz\/wp-json\/wp\/v2\/pages"}],"about":[{"href":"https:\/\/spektrem.cz\/cz\/wp-json\/wp\/v2\/types\/page"}],"author":[{"embeddable":true,"href":"https:\/\/spektrem.cz\/cz\/wp-json\/wp\/v2\/users\/2"}],"replies":[{"embeddable":true,"href":"https:\/\/spektrem.cz\/cz\/wp-json\/wp\/v2\/comments?post=320"}],"version-history":[{"count":11,"href":"https:\/\/spektrem.cz\/cz\/wp-json\/wp\/v2\/pages\/320\/revisions"}],"predecessor-version":[{"id":945,"href":"https:\/\/spektrem.cz\/cz\/wp-json\/wp\/v2\/pages\/320\/revisions\/945"}],"wp:attachment":[{"href":"https:\/\/spektrem.cz\/cz\/wp-json\/wp\/v2\/media?parent=320"}],"curies":[{"name":"wp","href":"https:\/\/api.w.org\/{rel}","templated":true}]}}