{"id":290,"date":"2024-01-06T19:33:02","date_gmt":"2024-01-06T18:33:02","guid":{"rendered":"https:\/\/spektrem.cz\/?page_id=290"},"modified":"2024-02-13T15:21:55","modified_gmt":"2024-02-13T14:21:55","slug":"vymenujeme","status":"publish","type":"page","link":"https:\/\/spektrem.cz\/cz\/vymenujeme\/","title":{"rendered":"VYM\u011a\u0147UJEME"},"content":{"rendered":"\t\t<div data-elementor-type=\"wp-page\" data-elementor-id=\"290\" class=\"elementor elementor-290\">\n\t\t\t\t<div class=\"elementor-element elementor-element-378fae90 e-flex e-con-boxed e-con e-parent\" data-id=\"378fae90\" data-element_type=\"container\" data-e-type=\"container\">\n\t\t\t\t\t<div class=\"e-con-inner\">\n\t\t\t\t<div class=\"elementor-element elementor-element-4b5f6812 elementor-widget-divider--view-line elementor-widget elementor-widget-divider\" data-id=\"4b5f6812\" data-element_type=\"widget\" data-e-type=\"widget\" data-widget_type=\"divider.default\">\n\t\t\t\t\t\t\t<div class=\"elementor-divider\">\n\t\t\t<span class=\"elementor-divider-separator\">\n\t\t\t\t\t\t<\/span>\n\t\t<\/div>\n\t\t\t\t\t\t<\/div>\n\t\t\t\t\t<\/div>\n\t\t\t\t<\/div>\n\t\t<div class=\"elementor-element elementor-element-1631bdd2 e-flex e-con-boxed e-con e-parent\" data-id=\"1631bdd2\" data-element_type=\"container\" data-e-type=\"container\">\n\t\t\t\t\t<div class=\"e-con-inner\">\n\t\t\t\t<div class=\"elementor-element elementor-element-7786518a elementor-widget-divider--view-line elementor-widget elementor-widget-divider\" data-id=\"7786518a\" data-element_type=\"widget\" data-e-type=\"widget\" data-widget_type=\"divider.default\">\n\t\t\t\t\t\t\t<div class=\"elementor-divider\">\n\t\t\t<span class=\"elementor-divider-separator\">\n\t\t\t\t\t\t<\/span>\n\t\t<\/div>\n\t\t\t\t\t\t<\/div>\n\t\t\t\t\t<\/div>\n\t\t\t\t<\/div>\n\t\t<div class=\"elementor-element elementor-element-180179db e-flex e-con-boxed e-con e-parent\" data-id=\"180179db\" data-element_type=\"container\" data-e-type=\"container\">\n\t\t\t\t\t<div class=\"e-con-inner\">\n\t\t\t\t<div class=\"elementor-element elementor-element-184ea191 elementor-widget elementor-widget-heading\" data-id=\"184ea191\" data-element_type=\"widget\" data-e-type=\"widget\" data-widget_type=\"heading.default\">\n\t\t\t\t\t<h1 class=\"elementor-heading-title elementor-size-default\">VYM\u011a\u0147UJEME<\/h1>\t\t\t\t<\/div>\n\t\t\t\t\t<\/div>\n\t\t\t\t<\/div>\n\t\t<div class=\"elementor-element elementor-element-292e3731 e-flex e-con-boxed e-con e-parent\" data-id=\"292e3731\" data-element_type=\"container\" data-e-type=\"container\">\n\t\t\t\t\t<div class=\"e-con-inner\">\n\t\t\t\t<div class=\"elementor-element elementor-element-3dfde199 elementor-widget-divider--view-line elementor-widget elementor-widget-divider\" data-id=\"3dfde199\" data-element_type=\"widget\" data-e-type=\"widget\" data-widget_type=\"divider.default\">\n\t\t\t\t\t\t\t<div class=\"elementor-divider\">\n\t\t\t<span class=\"elementor-divider-separator\">\n\t\t\t\t\t\t<\/span>\n\t\t<\/div>\n\t\t\t\t\t\t<\/div>\n\t\t\t\t\t<\/div>\n\t\t\t\t<\/div>\n\t\t<div class=\"elementor-element elementor-element-12048b15 e-flex e-con-boxed e-con e-parent\" data-id=\"12048b15\" data-element_type=\"container\" data-e-type=\"container\">\n\t\t\t\t\t<div class=\"e-con-inner\">\n\t\t<div class=\"elementor-element elementor-element-7d753eb1 e-con-full e-flex e-con e-child\" data-id=\"7d753eb1\" data-element_type=\"container\" data-e-type=\"container\">\n\t\t\t\t<div class=\"elementor-element elementor-element-2e34c1 elementor-widget elementor-widget-text-editor\" data-id=\"2e34c1\" data-element_type=\"widget\" data-e-type=\"widget\" data-widget_type=\"text-editor.default\">\n\t\t\t\t\t\t\t\t\t<p><strong>Str\u00e1nka se p\u0159ipravuje.<\/strong><\/p>\t\t\t\t\t\t\t\t<\/div>\n\t\t\t\t<\/div>\n\t\t<div class=\"elementor-element elementor-element-57cd6e7c e-con-full e-flex e-con e-child\" data-id=\"57cd6e7c\" data-element_type=\"container\" data-e-type=\"container\">\n\t\t\t\t<div class=\"elementor-element elementor-element-7737722b elementor-widget elementor-widget-image\" data-id=\"7737722b\" data-element_type=\"widget\" data-e-type=\"widget\" data-widget_type=\"image.default\">\n\t\t\t\t\t\t\t\t\t\t\t\t\t\t\t<img decoding=\"async\" width=\"150\" height=\"150\" src=\"https:\/\/spektrem.cz\/wp-content\/uploads\/2024\/01\/logo-150x150.png\" class=\"attachment-thumbnail size-thumbnail wp-image-217\" alt=\"\" srcset=\"https:\/\/spektrem.cz\/wp-content\/uploads\/2024\/01\/logo-150x150.png 150w, https:\/\/spektrem.cz\/wp-content\/uploads\/2024\/01\/logo-300x300.png 300w, https:\/\/spektrem.cz\/wp-content\/uploads\/2024\/01\/logo-12x12.png 12w, https:\/\/spektrem.cz\/wp-content\/uploads\/2024\/01\/logo-200x200.png 200w, https:\/\/spektrem.cz\/wp-content\/uploads\/2024\/01\/logo.png 500w\" sizes=\"(max-width: 150px) 100vw, 150px\" \/>\t\t\t\t\t\t\t\t\t\t\t\t\t\t\t<\/div>\n\t\t\t\t<\/div>\n\t\t\t\t\t<\/div>\n\t\t\t\t<\/div>\n\t\t<div class=\"elementor-element elementor-element-15f25967 e-flex e-con-boxed e-con e-parent\" data-id=\"15f25967\" data-element_type=\"container\" data-e-type=\"container\">\n\t\t\t\t\t<div class=\"e-con-inner\">\n\t\t\t\t<div class=\"elementor-element elementor-element-6315a63a elementor-widget-divider--view-line elementor-widget elementor-widget-divider\" data-id=\"6315a63a\" data-element_type=\"widget\" data-e-type=\"widget\" data-widget_type=\"divider.default\">\n\t\t\t\t\t\t\t<div class=\"elementor-divider\">\n\t\t\t<span class=\"elementor-divider-separator\">\n\t\t\t\t\t\t<\/span>\n\t\t<\/div>\n\t\t\t\t\t\t<\/div>\n\t\t\t\t\t<\/div>\n\t\t\t\t<\/div>\n\t\t<div class=\"elementor-element elementor-element-c469140 e-flex e-con-boxed e-con e-parent\" data-id=\"c469140\" data-element_type=\"container\" data-e-type=\"container\">\n\t\t\t\t\t<div class=\"e-con-inner\">\n\t\t<div class=\"elementor-element elementor-element-857e052 e-con-full e-flex e-con e-child\" data-id=\"857e052\" data-element_type=\"container\" data-e-type=\"container\">\n\t\t\t\t<div class=\"elementor-element elementor-element-37165032 elementor-align-center elementor-widget elementor-widget-button\" data-id=\"37165032\" data-element_type=\"widget\" data-e-type=\"widget\" data-widget_type=\"button.default\">\n\t\t\t\t\t\t\t\t\t\t<a class=\"elementor-button elementor-button-link elementor-size-sm\" href=\"https:\/\/spektrem.cz\/vymenujeme\/zbozi\/\">\n\t\t\t\t\t\t<span class=\"elementor-button-content-wrapper\">\n\t\t\t\t\t\t\t\t\t<span class=\"elementor-button-text\">ZBO\u017d\u00cd<\/span>\n\t\t\t\t\t<\/span>\n\t\t\t\t\t<\/a>\n\t\t\t\t\t\t\t\t<\/div>\n\t\t\t\t<\/div>\n\t\t<div class=\"elementor-element elementor-element-66e2a76 e-con-full e-flex e-con e-child\" data-id=\"66e2a76\" data-element_type=\"container\" data-e-type=\"container\">\n\t\t\t\t<div class=\"elementor-element elementor-element-d2de2a6 elementor-align-center elementor-widget elementor-widget-button\" data-id=\"d2de2a6\" data-element_type=\"widget\" data-e-type=\"widget\" data-widget_type=\"button.default\">\n\t\t\t\t\t\t\t\t\t\t<a class=\"elementor-button elementor-button-link elementor-size-sm\" href=\"https:\/\/spektrem.cz\/vymenujeme\/sluzby\/\">\n\t\t\t\t\t\t<span class=\"elementor-button-content-wrapper\">\n\t\t\t\t\t\t\t\t\t<span class=\"elementor-button-text\">SLU\u017dBY<\/span>\n\t\t\t\t\t<\/span>\n\t\t\t\t\t<\/a>\n\t\t\t\t\t\t\t\t<\/div>\n\t\t\t\t<\/div>\n\t\t\t\t\t<\/div>\n\t\t\t\t<\/div>\n\t\t<div class=\"elementor-element elementor-element-267d4c97 e-flex e-con-boxed e-con e-parent\" data-id=\"267d4c97\" data-element_type=\"container\" data-e-type=\"container\">\n\t\t\t\t\t<div class=\"e-con-inner\">\n\t\t\t\t<div class=\"elementor-element elementor-element-31b9444f elementor-widget-divider--view-line elementor-widget elementor-widget-divider\" data-id=\"31b9444f\" data-element_type=\"widget\" data-e-type=\"widget\" data-widget_type=\"divider.default\">\n\t\t\t\t\t\t\t<div class=\"elementor-divider\">\n\t\t\t<span class=\"elementor-divider-separator\">\n\t\t\t\t\t\t<\/span>\n\t\t<\/div>\n\t\t\t\t\t\t<\/div>\n\t\t\t\t\t<\/div>\n\t\t\t\t<\/div>\n\t\t\t\t<\/div>\n\t\t","protected":false},"excerpt":{"rendered":"<p>VYM\u011a\u0147UJEME Str\u00e1nka se p\u0159ipravuje. ZBO\u017d\u00cd SLU\u017dBY<\/p>\n","protected":false},"author":2,"featured_media":0,"parent":0,"menu_order":7,"comment_status":"closed","ping_status":"closed","template":"","meta":{"site-sidebar-layout":"no-sidebar","site-content-layout":"","ast-site-content-layout":"full-width-container","site-content-style":"default","site-sidebar-style":"default","ast-global-header-display":"","ast-banner-title-visibility":"","ast-main-header-display":"","ast-hfb-above-header-display":"","ast-hfb-below-header-display":"","ast-hfb-mobile-header-display":"","site-post-title":"disabled","ast-breadcrumbs-content":"","ast-featured-img":"disabled","footer-sml-layout":"","ast-disable-related-posts":"","theme-transparent-header-meta":"","adv-header-id-meta":"","stick-header-meta":"","header-above-stick-meta":"","header-main-stick-meta":"","header-below-stick-meta":"","astra-migrate-meta-layouts":"default","ast-page-background-enabled":"default","ast-page-background-meta":{"desktop":{"background-color":"var(--ast-global-color-4)","background-image":"","background-repeat":"repeat","background-position":"center center","background-size":"auto","background-attachment":"scroll","background-type":"","background-media":"","overlay-type":"","overlay-color":"","overlay-opacity":"","overlay-gradient":""},"tablet":{"background-color":"","background-image":"","background-repeat":"repeat","background-position":"center center","background-size":"auto","background-attachment":"scroll","background-type":"","background-media":"","overlay-type":"","overlay-color":"","overlay-opacity":"","overlay-gradient":""},"mobile":{"background-color":"","background-image":"","background-repeat":"repeat","background-position":"center center","background-size":"auto","background-attachment":"scroll","background-type":"","background-media":"","overlay-type":"","overlay-color":"","overlay-opacity":"","overlay-gradient":""}},"ast-content-background-meta":{"desktop":{"background-color":"var(--ast-global-color-5)","background-image":"","background-repeat":"repeat","background-position":"center center","background-size":"auto","background-attachment":"scroll","background-type":"","background-media":"","overlay-type":"","overlay-color":"","overlay-opacity":"","overlay-gradient":""},"tablet":{"background-color":"var(--ast-global-color-5)","background-image":"","background-repeat":"repeat","background-position":"center center","background-size":"auto","background-attachment":"scroll","background-type":"","background-media":"","overlay-type":"","overlay-color":"","overlay-opacity":"","overlay-gradient":""},"mobile":{"background-color":"var(--ast-global-color-5)","background-image":"","background-repeat":"repeat","background-position":"center center","background-size":"auto","background-attachment":"scroll","background-type":"","background-media":"","overlay-type":"","overlay-color":"","overlay-opacity":"","overlay-gradient":""}},"footnotes":""},"class_list":["post-290","page","type-page","status-publish","hentry"],"yoast_head":"<!-- This site is optimized with the Yoast SEO plugin v26.9 - https:\/\/yoast.com\/product\/yoast-seo-wordpress\/ -->\n<title>VYM\u011a\u0147UJEME - SPEKTREM<\/title>\n<meta name=\"robots\" content=\"index, follow, max-snippet:-1, max-image-preview:large, max-video-preview:-1\" \/>\n<link rel=\"canonical\" href=\"https:\/\/spektrem.cz\/cz\/vymenujeme\/\" \/>\n<meta property=\"og:locale\" content=\"cs_CZ\" \/>\n<meta property=\"og:type\" content=\"article\" \/>\n<meta property=\"og:title\" content=\"VYM\u011a\u0147UJEME - SPEKTREM\" \/>\n<meta property=\"og:description\" content=\"VYM\u011a\u0147UJEME Str\u00e1nka se p\u0159ipravuje. ZBO\u017d\u00cd SLU\u017dBY\" \/>\n<meta property=\"og:url\" content=\"https:\/\/spektrem.cz\/cz\/vymenujeme\/\" \/>\n<meta property=\"og:site_name\" content=\"SPEKTREM\" \/>\n<meta property=\"article:modified_time\" content=\"2024-02-13T14:21:55+00:00\" \/>\n<meta property=\"og:image\" content=\"https:\/\/spektrem.cz\/wp-content\/uploads\/2024\/01\/logo-150x150.png\" \/>\n<meta name=\"twitter:card\" content=\"summary_large_image\" \/>\n<meta name=\"twitter:label1\" content=\"Odhadovan\u00e1 doba \u010dten\u00ed\" \/>\n\t<meta name=\"twitter:data1\" content=\"1 minuta\" \/>\n<script type=\"application\/ld+json\" class=\"yoast-schema-graph\">{\"@context\":\"https:\/\/schema.org\",\"@graph\":[{\"@type\":\"WebPage\",\"@id\":\"https:\/\/spektrem.cz\/vymenujeme\/\",\"url\":\"https:\/\/spektrem.cz\/vymenujeme\/\",\"name\":\"VYM\u011a\u0147UJEME - SPEKTREM\",\"isPartOf\":{\"@id\":\"https:\/\/spektrem.cz\/cz\/#website\"},\"primaryImageOfPage\":{\"@id\":\"https:\/\/spektrem.cz\/vymenujeme\/#primaryimage\"},\"image\":{\"@id\":\"https:\/\/spektrem.cz\/vymenujeme\/#primaryimage\"},\"thumbnailUrl\":\"https:\/\/spektrem.cz\/wp-content\/uploads\/2024\/01\/logo-150x150.png\",\"datePublished\":\"2024-01-06T18:33:02+00:00\",\"dateModified\":\"2024-02-13T14:21:55+00:00\",\"breadcrumb\":{\"@id\":\"https:\/\/spektrem.cz\/vymenujeme\/#breadcrumb\"},\"inLanguage\":\"cs\",\"potentialAction\":[{\"@type\":\"ReadAction\",\"target\":[\"https:\/\/spektrem.cz\/vymenujeme\/\"]}]},{\"@type\":\"ImageObject\",\"inLanguage\":\"cs\",\"@id\":\"https:\/\/spektrem.cz\/vymenujeme\/#primaryimage\",\"url\":\"https:\/\/spektrem.cz\/wp-content\/uploads\/2024\/01\/logo-150x150.png\",\"contentUrl\":\"https:\/\/spektrem.cz\/wp-content\/uploads\/2024\/01\/logo-150x150.png\"},{\"@type\":\"BreadcrumbList\",\"@id\":\"https:\/\/spektrem.cz\/vymenujeme\/#breadcrumb\",\"itemListElement\":[{\"@type\":\"ListItem\",\"position\":1,\"name\":\"Dom\u016f\",\"item\":\"https:\/\/spektrem.cz\/cz\/\"},{\"@type\":\"ListItem\",\"position\":2,\"name\":\"VYM\u011a\u0147UJEME\"}]},{\"@type\":\"WebSite\",\"@id\":\"https:\/\/spektrem.cz\/cz\/#website\",\"url\":\"https:\/\/spektrem.cz\/cz\/\",\"name\":\"SPEKTREM\",\"description\":\"Zlat\u00e9 \u010desk\u00e9 ru\u010di\u010dky a hlavi\u010dky\",\"publisher\":{\"@id\":\"https:\/\/spektrem.cz\/cz\/#organization\"},\"potentialAction\":[{\"@type\":\"SearchAction\",\"target\":{\"@type\":\"EntryPoint\",\"urlTemplate\":\"https:\/\/spektrem.cz\/cz\/?s={search_term_string}\"},\"query-input\":{\"@type\":\"PropertyValueSpecification\",\"valueRequired\":true,\"valueName\":\"search_term_string\"}}],\"inLanguage\":\"cs\"},{\"@type\":\"Organization\",\"@id\":\"https:\/\/spektrem.cz\/cz\/#organization\",\"name\":\"SPEKTREM\",\"url\":\"https:\/\/spektrem.cz\/cz\/\",\"logo\":{\"@type\":\"ImageObject\",\"inLanguage\":\"cs\",\"@id\":\"https:\/\/spektrem.cz\/cz\/#\/schema\/logo\/image\/\",\"url\":\"https:\/\/spektrem.cz\/wp-content\/uploads\/2024\/01\/logo_spektrem.svg\",\"contentUrl\":\"https:\/\/spektrem.cz\/wp-content\/uploads\/2024\/01\/logo_spektrem.svg\",\"width\":50,\"height\":50,\"caption\":\"SPEKTREM\"},\"image\":{\"@id\":\"https:\/\/spektrem.cz\/cz\/#\/schema\/logo\/image\/\"}}]}<\/script>\n<!-- \/ Yoast SEO plugin. -->","yoast_head_json":{"title":"VYM\u011a\u0147UJEME - SPEKTREM","robots":{"index":"index","follow":"follow","max-snippet":"max-snippet:-1","max-image-preview":"max-image-preview:large","max-video-preview":"max-video-preview:-1"},"canonical":"https:\/\/spektrem.cz\/cz\/vymenujeme\/","og_locale":"cs_CZ","og_type":"article","og_title":"VYM\u011a\u0147UJEME - SPEKTREM","og_description":"VYM\u011a\u0147UJEME Str\u00e1nka se p\u0159ipravuje. ZBO\u017d\u00cd SLU\u017dBY","og_url":"https:\/\/spektrem.cz\/cz\/vymenujeme\/","og_site_name":"SPEKTREM","article_modified_time":"2024-02-13T14:21:55+00:00","og_image":[{"url":"https:\/\/spektrem.cz\/wp-content\/uploads\/2024\/01\/logo-150x150.png","type":"","width":"","height":""}],"twitter_card":"summary_large_image","twitter_misc":{"Odhadovan\u00e1 doba \u010dten\u00ed":"1 minuta"},"schema":{"@context":"https:\/\/schema.org","@graph":[{"@type":"WebPage","@id":"https:\/\/spektrem.cz\/vymenujeme\/","url":"https:\/\/spektrem.cz\/vymenujeme\/","name":"VYM\u011a\u0147UJEME - SPEKTREM","isPartOf":{"@id":"https:\/\/spektrem.cz\/cz\/#website"},"primaryImageOfPage":{"@id":"https:\/\/spektrem.cz\/vymenujeme\/#primaryimage"},"image":{"@id":"https:\/\/spektrem.cz\/vymenujeme\/#primaryimage"},"thumbnailUrl":"https:\/\/spektrem.cz\/wp-content\/uploads\/2024\/01\/logo-150x150.png","datePublished":"2024-01-06T18:33:02+00:00","dateModified":"2024-02-13T14:21:55+00:00","breadcrumb":{"@id":"https:\/\/spektrem.cz\/vymenujeme\/#breadcrumb"},"inLanguage":"cs","potentialAction":[{"@type":"ReadAction","target":["https:\/\/spektrem.cz\/vymenujeme\/"]}]},{"@type":"ImageObject","inLanguage":"cs","@id":"https:\/\/spektrem.cz\/vymenujeme\/#primaryimage","url":"https:\/\/spektrem.cz\/wp-content\/uploads\/2024\/01\/logo-150x150.png","contentUrl":"https:\/\/spektrem.cz\/wp-content\/uploads\/2024\/01\/logo-150x150.png"},{"@type":"BreadcrumbList","@id":"https:\/\/spektrem.cz\/vymenujeme\/#breadcrumb","itemListElement":[{"@type":"ListItem","position":1,"name":"Dom\u016f","item":"https:\/\/spektrem.cz\/cz\/"},{"@type":"ListItem","position":2,"name":"VYM\u011a\u0147UJEME"}]},{"@type":"WebSite","@id":"https:\/\/spektrem.cz\/cz\/#website","url":"https:\/\/spektrem.cz\/cz\/","name":"SPEKTREM","description":"Zlat\u00e9 \u010desk\u00e9 ru\u010di\u010dky a hlavi\u010dky","publisher":{"@id":"https:\/\/spektrem.cz\/cz\/#organization"},"potentialAction":[{"@type":"SearchAction","target":{"@type":"EntryPoint","urlTemplate":"https:\/\/spektrem.cz\/cz\/?s={search_term_string}"},"query-input":{"@type":"PropertyValueSpecification","valueRequired":true,"valueName":"search_term_string"}}],"inLanguage":"cs"},{"@type":"Organization","@id":"https:\/\/spektrem.cz\/cz\/#organization","name":"SPEKTREM","url":"https:\/\/spektrem.cz\/cz\/","logo":{"@type":"ImageObject","inLanguage":"cs","@id":"https:\/\/spektrem.cz\/cz\/#\/schema\/logo\/image\/","url":"https:\/\/spektrem.cz\/wp-content\/uploads\/2024\/01\/logo_spektrem.svg","contentUrl":"https:\/\/spektrem.cz\/wp-content\/uploads\/2024\/01\/logo_spektrem.svg","width":50,"height":50,"caption":"SPEKTREM"},"image":{"@id":"https:\/\/spektrem.cz\/cz\/#\/schema\/logo\/image\/"}}]}},"_links":{"self":[{"href":"https:\/\/spektrem.cz\/cz\/wp-json\/wp\/v2\/pages\/290","targetHints":{"allow":["GET"]}}],"collection":[{"href":"https:\/\/spektrem.cz\/cz\/wp-json\/wp\/v2\/pages"}],"about":[{"href":"https:\/\/spektrem.cz\/cz\/wp-json\/wp\/v2\/types\/page"}],"author":[{"embeddable":true,"href":"https:\/\/spektrem.cz\/cz\/wp-json\/wp\/v2\/users\/2"}],"replies":[{"embeddable":true,"href":"https:\/\/spektrem.cz\/cz\/wp-json\/wp\/v2\/comments?post=290"}],"version-history":[{"count":27,"href":"https:\/\/spektrem.cz\/cz\/wp-json\/wp\/v2\/pages\/290\/revisions"}],"predecessor-version":[{"id":930,"href":"https:\/\/spektrem.cz\/cz\/wp-json\/wp\/v2\/pages\/290\/revisions\/930"}],"wp:attachment":[{"href":"https:\/\/spektrem.cz\/cz\/wp-json\/wp\/v2\/media?parent=290"}],"curies":[{"name":"wp","href":"https:\/\/api.w.org\/{rel}","templated":true}]}}