{"id":176,"date":"2024-01-02T13:10:53","date_gmt":"2024-01-02T13:10:53","guid":{"rendered":"https:\/\/spektrem.cz\/?page_id=176"},"modified":"2024-02-21T14:06:14","modified_gmt":"2024-02-21T13:06:14","slug":"mapa_stranek","status":"publish","type":"page","link":"https:\/\/spektrem.cz\/cz\/mapa_stranek\/","title":{"rendered":"MAPA STR\u00c1NEK"},"content":{"rendered":"\t\t<div data-elementor-type=\"wp-page\" data-elementor-id=\"176\" class=\"elementor elementor-176\">\n\t\t\t\t<div class=\"elementor-element elementor-element-c2005d7 e-flex e-con-boxed e-con e-parent\" data-id=\"c2005d7\" data-element_type=\"container\" data-e-type=\"container\">\n\t\t\t\t\t<div class=\"e-con-inner\">\n\t\t\t\t<div class=\"elementor-element elementor-element-eb762ed elementor-widget-divider--view-line elementor-widget elementor-widget-divider\" data-id=\"eb762ed\" data-element_type=\"widget\" data-e-type=\"widget\" data-widget_type=\"divider.default\">\n\t\t\t\t\t\t\t<div class=\"elementor-divider\">\n\t\t\t<span class=\"elementor-divider-separator\">\n\t\t\t\t\t\t<\/span>\n\t\t<\/div>\n\t\t\t\t\t\t<\/div>\n\t\t\t\t\t<\/div>\n\t\t\t\t<\/div>\n\t\t<div class=\"elementor-element elementor-element-0c3285c e-flex e-con-boxed e-con e-parent\" data-id=\"0c3285c\" data-element_type=\"container\" data-e-type=\"container\">\n\t\t\t\t\t<div class=\"e-con-inner\">\n\t\t\t\t<div class=\"elementor-element elementor-element-efc06af elementor-widget-divider--view-line elementor-widget elementor-widget-divider\" data-id=\"efc06af\" data-element_type=\"widget\" data-e-type=\"widget\" data-widget_type=\"divider.default\">\n\t\t\t\t\t\t\t<div class=\"elementor-divider\">\n\t\t\t<span class=\"elementor-divider-separator\">\n\t\t\t\t\t\t<\/span>\n\t\t<\/div>\n\t\t\t\t\t\t<\/div>\n\t\t\t\t\t<\/div>\n\t\t\t\t<\/div>\n\t\t<div class=\"elementor-element elementor-element-a790dc2 e-flex e-con-boxed e-con e-parent\" data-id=\"a790dc2\" data-element_type=\"container\" data-e-type=\"container\">\n\t\t\t\t\t<div class=\"e-con-inner\">\n\t\t\t\t<div class=\"elementor-element elementor-element-3548b7d elementor-widget elementor-widget-heading\" data-id=\"3548b7d\" data-element_type=\"widget\" data-e-type=\"widget\" data-widget_type=\"heading.default\">\n\t\t\t\t\t<h2 class=\"elementor-heading-title elementor-size-default\">Mapa str\u00e1nek<\/h2>\t\t\t\t<\/div>\n\t\t\t\t\t<\/div>\n\t\t\t\t<\/div>\n\t\t<div class=\"elementor-element elementor-element-4577c0c e-flex e-con-boxed e-con e-parent\" data-id=\"4577c0c\" data-element_type=\"container\" data-e-type=\"container\">\n\t\t\t\t\t<div class=\"e-con-inner\">\n\t\t\t\t<div class=\"elementor-element elementor-element-dcc9827 elementor-widget-divider--view-line elementor-widget elementor-widget-divider\" data-id=\"dcc9827\" data-element_type=\"widget\" data-e-type=\"widget\" data-widget_type=\"divider.default\">\n\t\t\t\t\t\t\t<div class=\"elementor-divider\">\n\t\t\t<span class=\"elementor-divider-separator\">\n\t\t\t\t\t\t<\/span>\n\t\t<\/div>\n\t\t\t\t\t\t<\/div>\n\t\t\t\t\t<\/div>\n\t\t\t\t<\/div>\n\t\t<div class=\"elementor-element elementor-element-4420698 e-flex e-con-boxed e-con e-parent\" data-id=\"4420698\" data-element_type=\"container\" data-e-type=\"container\">\n\t\t\t\t\t<div class=\"e-con-inner\">\n\t\t<div class=\"elementor-element elementor-element-fd627d5 e-con-full e-flex e-con e-child\" data-id=\"fd627d5\" data-element_type=\"container\" data-e-type=\"container\">\n\t\t\t\t<\/div>\n\t\t<div class=\"elementor-element elementor-element-fd046aa e-con-full e-flex e-con e-child\" data-id=\"fd046aa\" data-element_type=\"container\" data-e-type=\"container\">\n\t\t\t\t<div class=\"elementor-element elementor-element-420fd7c elementor-widget elementor-widget-shortcode\" data-id=\"420fd7c\" data-element_type=\"widget\" data-e-type=\"widget\" data-widget_type=\"shortcode.default\">\n\t\t\t\t\t\t\t<div class=\"elementor-shortcode\"><div class=\"wsp-container\"><h2 class=\"wsp-pages-title\">Str\u00e1nky<\/h2>\n<ul class=\"wsp-pages-list\">\n<li class=\"page_item page-item-74 menu-item\"><a href=\"https:\/\/spektrem.cz\/cz\/\" class=\"menu-link\">SPEKTREM<\/a><\/li>\n<li class=\"page_item page-item-422 menu-item\"><a href=\"https:\/\/spektrem.cz\/cz\/uvod\/\" class=\"menu-link\">\u00daVOD<\/a><\/li>\n<li class=\"page_item page-item-262 page_item_has_children menu-item menu-item-has-children\"><a href=\"https:\/\/spektrem.cz\/cz\/vytvarime\/\" class=\"menu-link\">VYTV\u00c1\u0158\u00cdME<\/a>\n<ul class='children'>\n\t<li class=\"page_item page-item-7 menu-item\"><a href=\"https:\/\/spektrem.cz\/cz\/vytvarime\/ateliery\/\" class=\"menu-link\">ATELI\u00c9RY<\/a><\/li>\n\t<li class=\"page_item page-item-32 menu-item\"><a href=\"https:\/\/spektrem.cz\/cz\/vytvarime\/dila\/\" class=\"menu-link\">D\u00cdLA<\/a><\/li>\n<\/ul>\n<\/li>\n<li class=\"page_item page-item-260 page_item_has_children menu-item menu-item-has-children\"><a href=\"https:\/\/spektrem.cz\/cz\/preferujeme\/\" class=\"menu-link\">PREFERUJEME<\/a>\n<ul class='children'>\n\t<li class=\"page_item page-item-435 menu-item\"><a href=\"https:\/\/spektrem.cz\/cz\/preferujeme\/mapa\/\" class=\"menu-link\">DLE MAPY<\/a><\/li>\n\t<li class=\"page_item page-item-101 menu-item\"><a href=\"https:\/\/spektrem.cz\/cz\/preferujeme\/obory\/\" class=\"menu-link\">DLE OBOR\u016e<\/a><\/li>\n<\/ul>\n<\/li>\n<li class=\"page_item page-item-278 page_item_has_children menu-item menu-item-has-children\"><a href=\"https:\/\/spektrem.cz\/cz\/radime\/\" class=\"menu-link\">RAD\u00cdME<\/a>\n<ul class='children'>\n\t<li class=\"page_item page-item-473 menu-item\"><a href=\"https:\/\/spektrem.cz\/cz\/radime\/skrze-internet\/\" class=\"menu-link\">SKRZE INTERNET<\/a><\/li>\n\t<li class=\"page_item page-item-464 menu-item\"><a href=\"https:\/\/spektrem.cz\/cz\/radime\/skrze-odborniky\/\" class=\"menu-link\">SKRZE ODBORN\u00cdKY<\/a><\/li>\n\t<li class=\"page_item page-item-467 menu-item\"><a href=\"https:\/\/spektrem.cz\/cz\/radime\/skrze-uzitecne-rady-a-tipy\/\" class=\"menu-link\">SKRZE U\u017dITE\u010cN\u00c9 RADY A TIPY<\/a><\/li>\n<\/ul>\n<\/li>\n<li class=\"page_item page-item-284 page_item_has_children menu-item menu-item-has-children\"><a href=\"https:\/\/spektrem.cz\/cz\/sdilime\/\" class=\"menu-link\">SD\u00cdL\u00cdME<\/a>\n<ul class='children'>\n\t<li class=\"page_item page-item-479 menu-item\"><a href=\"https:\/\/spektrem.cz\/cz\/sdilime\/bydleni\/\" class=\"menu-link\">BYDLEN\u00cd<\/a><\/li>\n\t<li class=\"page_item page-item-511 menu-item\"><a href=\"https:\/\/spektrem.cz\/cz\/sdilime\/cestovani\/\" class=\"menu-link\">CESTOV\u00c1N\u00cd<\/a><\/li>\n\t<li class=\"page_item page-item-471 menu-item\"><a href=\"https:\/\/spektrem.cz\/cz\/sdilime\/nakupy-potravin\/\" class=\"menu-link\">N\u00c1KUPY POTRAVIN<\/a><\/li>\n<\/ul>\n<\/li>\n<li class=\"page_item page-item-290 page_item_has_children menu-item menu-item-has-children\"><a href=\"https:\/\/spektrem.cz\/cz\/vymenujeme\/\" class=\"menu-link\">VYM\u011a\u0147UJEME<\/a>\n<ul class='children'>\n\t<li class=\"page_item page-item-487 menu-item\"><a href=\"https:\/\/spektrem.cz\/cz\/vymenujeme\/sluzby\/\" class=\"menu-link\">SLU\u017dBY<\/a><\/li>\n\t<li class=\"page_item page-item-483 menu-item\"><a href=\"https:\/\/spektrem.cz\/cz\/vymenujeme\/zbozi\/\" class=\"menu-link\">ZBO\u017d\u00cd<\/a><\/li>\n<\/ul>\n<\/li>\n<li class=\"page_item page-item-296 page_item_has_children menu-item menu-item-has-children\"><a href=\"https:\/\/spektrem.cz\/cz\/preprodavame\/\" class=\"menu-link\">P\u0158EPROD\u00c1V\u00c1ME<\/a>\n<ul class='children'>\n\t<li class=\"page_item page-item-491 menu-item\"><a href=\"https:\/\/spektrem.cz\/cz\/preprodavame\/v-aukci\/\" class=\"menu-link\">V AUKCI<\/a><\/li>\n\t<li class=\"page_item page-item-495 menu-item\"><a href=\"https:\/\/spektrem.cz\/cz\/preprodavame\/v-bazaru\/\" class=\"menu-link\">V BAZARU<\/a><\/li>\n<\/ul>\n<\/li>\n<li class=\"page_item page-item-302 page_item_has_children menu-item menu-item-has-children\"><a href=\"https:\/\/spektrem.cz\/cz\/zprostredkujeme\/\" class=\"menu-link\">ZPROST\u0158EDKUJEME<\/a>\n<ul class='children'>\n\t<li class=\"page_item page-item-519 menu-item\"><a href=\"https:\/\/spektrem.cz\/cz\/zprostredkujeme\/doucovani\/\" class=\"menu-link\">DOU\u010cOV\u00c1N\u00cd<\/a><\/li>\n\t<li class=\"page_item page-item-515 menu-item\"><a href=\"https:\/\/spektrem.cz\/cz\/zprostredkujeme\/praci\/\" class=\"menu-link\">PR\u00c1CI<\/a><\/li>\n\t<li class=\"page_item page-item-581 menu-item\"><a href=\"https:\/\/spektrem.cz\/cz\/zprostredkujeme\/sport\/\" class=\"menu-link\">SPORT<\/a><\/li>\n<\/ul>\n<\/li>\n<li class=\"page_item page-item-308 page_item_has_children menu-item menu-item-has-children\"><a href=\"https:\/\/spektrem.cz\/cz\/recyklujeme\/\" class=\"menu-link\">RECYKLUJEME<\/a>\n<ul class='children'>\n\t<li class=\"page_item page-item-503 menu-item\"><a href=\"https:\/\/spektrem.cz\/cz\/recyklujeme\/dle-mapy\/\" class=\"menu-link\">DLE MAPY<\/a><\/li>\n\t<li class=\"page_item page-item-499 menu-item\"><a href=\"https:\/\/spektrem.cz\/cz\/recyklujeme\/dle-oboru\/\" class=\"menu-link\">DLE OBOR\u016e<\/a><\/li>\n<\/ul>\n<\/li>\n<li class=\"page_item page-item-314 page_item_has_children menu-item menu-item-has-children\"><a href=\"https:\/\/spektrem.cz\/cz\/ekologie\/\" class=\"menu-link\">EKOLOGIE<\/a>\n<ul class='children'>\n\t<li class=\"page_item page-item-527 menu-item\"><a href=\"https:\/\/spektrem.cz\/cz\/ekologie\/v-dobrocinnych-spolcich\/\" class=\"menu-link\">V DOBRO\u010cINN\u00ddCH SPOLC\u00cdCH<\/a><\/li>\n\t<li class=\"page_item page-item-523 menu-item\"><a href=\"https:\/\/spektrem.cz\/cz\/ekologie\/v-naucnych-clancich\/\" class=\"menu-link\">V NAU\u010cN\u00ddCH \u010cL\u00c1NC\u00cdCH<\/a><\/li>\n<\/ul>\n<\/li>\n<li class=\"page_item page-item-320 page_item_has_children menu-item menu-item-has-children\"><a href=\"https:\/\/spektrem.cz\/cz\/zdravi\/\" class=\"menu-link\">ZDRAV\u00cd<\/a>\n<ul class='children'>\n\t<li class=\"page_item page-item-536 menu-item\"><a href=\"https:\/\/spektrem.cz\/cz\/zdravi\/dle-mapy-tela\/\" class=\"menu-link\">DLE MAPY T\u011aLA<\/a><\/li>\n\t<li class=\"page_item page-item-531 menu-item\"><a href=\"https:\/\/spektrem.cz\/cz\/zdravi\/dle-odbornych-clanku\/\" class=\"menu-link\">DLE ODBORN\u00ddCH \u010cL\u00c1NK\u016e<\/a><\/li>\n<\/ul>\n<\/li>\n<li class=\"page_item page-item-326 page_item_has_children menu-item menu-item-has-children\"><a href=\"https:\/\/spektrem.cz\/cz\/kultura\/\" class=\"menu-link\">KULTURA<\/a>\n<ul class='children'>\n\t<li class=\"page_item page-item-540 menu-item\"><a href=\"https:\/\/spektrem.cz\/cz\/kultura\/na-akcich\/\" class=\"menu-link\">NA AKC\u00cdCH<\/a><\/li>\n\t<li class=\"page_item page-item-544 menu-item\"><a href=\"https:\/\/spektrem.cz\/cz\/kultura\/na-internetu\/\" class=\"menu-link\">NA INTERNETU<\/a><\/li>\n<\/ul>\n<\/li>\n<li class=\"page_item page-item-332 page_item_has_children menu-item menu-item-has-children\"><a href=\"https:\/\/spektrem.cz\/cz\/ideologie\/\" class=\"menu-link\">IDEOLOGIE<\/a>\n<ul class='children'>\n\t<li class=\"page_item page-item-560 menu-item\"><a href=\"https:\/\/spektrem.cz\/cz\/ideologie\/soucasti-dejin\/\" class=\"menu-link\">SOU\u010c\u00c1ST\u00cd D\u011aJIN<\/a><\/li>\n\t<li class=\"page_item page-item-552 menu-item\"><a href=\"https:\/\/spektrem.cz\/cz\/ideologie\/soucasti-humoru\/\" class=\"menu-link\">SOU\u010c\u00c1ST\u00cd HUMORU<\/a><\/li>\n\t<li class=\"page_item page-item-576 menu-item\"><a href=\"https:\/\/spektrem.cz\/cz\/ideologie\/soucasti-lasky\/\" class=\"menu-link\">SOU\u010c\u00c1ST\u00cd L\u00c1SKY<\/a><\/li>\n\t<li class=\"page_item page-item-564 menu-item\"><a href=\"https:\/\/spektrem.cz\/cz\/ideologie\/soucasti-politiky\/\" class=\"menu-link\">SOU\u010c\u00c1ST\u00cd POLITIKY<\/a><\/li>\n\t<li class=\"page_item page-item-556 menu-item\"><a href=\"https:\/\/spektrem.cz\/cz\/ideologie\/soucasti-skolstvi\/\" class=\"menu-link\">SOU\u010c\u00c1ST\u00cd \u0160KOLSTV\u00cd<\/a><\/li>\n\t<li class=\"page_item page-item-568 menu-item\"><a href=\"https:\/\/spektrem.cz\/cz\/ideologie\/soucasti-soudnictvi\/\" class=\"menu-link\">SOU\u010c\u00c1ST\u00cd SOUDNICTV\u00cd<\/a><\/li>\n\t<li class=\"page_item page-item-572 menu-item\"><a href=\"https:\/\/spektrem.cz\/cz\/ideologie\/soucasti-viry\/\" class=\"menu-link\">SOU\u010c\u00c1ST\u00cd V\u00cdRY<\/a><\/li>\n\t<li class=\"page_item page-item-548 menu-item\"><a href=\"https:\/\/spektrem.cz\/cz\/ideologie\/soucasti-zprav\/\" class=\"menu-link\">SOU\u010c\u00c1ST\u00cd ZPR\u00c1V<\/a><\/li>\n<\/ul>\n<\/li>\n<li class=\"page_item page-item-338 menu-item\"><a href=\"https:\/\/spektrem.cz\/cz\/sponzorujte\/\" class=\"menu-link\">SPONZORUJTE<\/a><\/li>\n<li class=\"page_item page-item-344 menu-item\"><a href=\"https:\/\/spektrem.cz\/cz\/inzerujte\/\" class=\"menu-link\">INZERUJTE<\/a><\/li>\n<li class=\"page_item page-item-350 page_item_has_children menu-item menu-item-has-children\"><a href=\"https:\/\/spektrem.cz\/cz\/pridejte_se\/\" class=\"menu-link\">P\u0158IDEJTE SE<\/a>\n<ul class='children'>\n\t<li class=\"page_item page-item-1182 menu-item\"><a href=\"https:\/\/spektrem.cz\/cz\/pridejte_se\/prihlaseni\/\" class=\"menu-link\">P\u0158IHL\u00c1\u0160EN\u00cd<\/a><\/li>\n\t<li class=\"page_item page-item-1177 menu-item\"><a href=\"https:\/\/spektrem.cz\/cz\/pridejte_se\/registrace\/\" class=\"menu-link\">REGISTRACE<\/a><\/li>\n<\/ul>\n<\/li>\n<li class=\"page_item page-item-109 menu-item\"><a href=\"https:\/\/spektrem.cz\/cz\/zasady_ochrany_osobnich_udaju\/\" class=\"menu-link\">Z\u00c1SADY OCHRANY OSOBN\u00cdCH \u00daDAJ\u016e<\/a><\/li>\n<li class=\"page_item page-item-176 menu-item\"><a href=\"https:\/\/spektrem.cz\/cz\/mapa_stranek\/\" class=\"menu-link\">MAPA STR\u00c1NEK<\/a><\/li>\n<\/ul>\n<\/div><\/div>\n\t\t\t\t\t\t<\/div>\n\t\t\t\t<\/div>\n\t\t<div class=\"elementor-element elementor-element-4ec3bda e-con-full e-flex e-con e-child\" data-id=\"4ec3bda\" data-element_type=\"container\" data-e-type=\"container\">\n\t\t\t\t<\/div>\n\t\t\t\t\t<\/div>\n\t\t\t\t<\/div>\n\t\t<div class=\"elementor-element elementor-element-23b1930 e-flex e-con-boxed e-con e-parent\" data-id=\"23b1930\" data-element_type=\"container\" data-e-type=\"container\">\n\t\t\t\t\t<div class=\"e-con-inner\">\n\t\t\t\t<div class=\"elementor-element elementor-element-65c0b50 elementor-widget-divider--view-line elementor-widget elementor-widget-divider\" data-id=\"65c0b50\" data-element_type=\"widget\" data-e-type=\"widget\" data-widget_type=\"divider.default\">\n\t\t\t\t\t\t\t<div class=\"elementor-divider\">\n\t\t\t<span class=\"elementor-divider-separator\">\n\t\t\t\t\t\t<\/span>\n\t\t<\/div>\n\t\t\t\t\t\t<\/div>\n\t\t\t\t\t<\/div>\n\t\t\t\t<\/div>\n\t\t\t\t<\/div>\n\t\t","protected":false},"excerpt":{"rendered":"<p>Mapa str\u00e1nek<\/p>\n","protected":false},"author":2,"featured_media":0,"parent":0,"menu_order":21,"comment_status":"closed","ping_status":"closed","template":"","meta":{"site-sidebar-layout":"no-sidebar","site-content-layout":"","ast-site-content-layout":"full-width-container","site-content-style":"default","site-sidebar-style":"default","ast-global-header-display":"","ast-banner-title-visibility":"","ast-main-header-display":"","ast-hfb-above-header-display":"","ast-hfb-below-header-display":"","ast-hfb-mobile-header-display":"","site-post-title":"disabled","ast-breadcrumbs-content":"","ast-featured-img":"disabled","footer-sml-layout":"","ast-disable-related-posts":"","theme-transparent-header-meta":"","adv-header-id-meta":"","stick-header-meta":"","header-above-stick-meta":"","header-main-stick-meta":"","header-below-stick-meta":"","astra-migrate-meta-layouts":"default","ast-page-background-enabled":"default","ast-page-background-meta":{"desktop":{"background-color":"var(--ast-global-color-4)","background-image":"","background-repeat":"repeat","background-position":"center center","background-size":"auto","background-attachment":"scroll","background-type":"","background-media":"","overlay-type":"","overlay-color":"","overlay-opacity":"","overlay-gradient":""},"tablet":{"background-color":"","background-image":"","background-repeat":"repeat","background-position":"center center","background-size":"auto","background-attachment":"scroll","background-type":"","background-media":"","overlay-type":"","overlay-color":"","overlay-opacity":"","overlay-gradient":""},"mobile":{"background-color":"","background-image":"","background-repeat":"repeat","background-position":"center center","background-size":"auto","background-attachment":"scroll","background-type":"","background-media":"","overlay-type":"","overlay-color":"","overlay-opacity":"","overlay-gradient":""}},"ast-content-background-meta":{"desktop":{"background-color":"var(--ast-global-color-5)","background-image":"","background-repeat":"repeat","background-position":"center center","background-size":"auto","background-attachment":"scroll","background-type":"","background-media":"","overlay-type":"","overlay-color":"","overlay-opacity":"","overlay-gradient":""},"tablet":{"background-color":"var(--ast-global-color-5)","background-image":"","background-repeat":"repeat","background-position":"center center","background-size":"auto","background-attachment":"scroll","background-type":"","background-media":"","overlay-type":"","overlay-color":"","overlay-opacity":"","overlay-gradient":""},"mobile":{"background-color":"var(--ast-global-color-5)","background-image":"","background-repeat":"repeat","background-position":"center center","background-size":"auto","background-attachment":"scroll","background-type":"","background-media":"","overlay-type":"","overlay-color":"","overlay-opacity":"","overlay-gradient":""}},"footnotes":""},"class_list":["post-176","page","type-page","status-publish","hentry"],"yoast_head":"<!-- This site is optimized with the Yoast SEO plugin v26.9 - https:\/\/yoast.com\/product\/yoast-seo-wordpress\/ -->\n<title>MAPA STR\u00c1NEK - SPEKTREM<\/title>\n<meta name=\"robots\" content=\"index, follow, max-snippet:-1, max-image-preview:large, max-video-preview:-1\" \/>\n<link rel=\"canonical\" href=\"https:\/\/spektrem.cz\/cz\/mapa_stranek\/\" \/>\n<meta property=\"og:locale\" content=\"cs_CZ\" \/>\n<meta property=\"og:type\" content=\"article\" \/>\n<meta property=\"og:title\" content=\"MAPA STR\u00c1NEK - SPEKTREM\" \/>\n<meta property=\"og:description\" content=\"Mapa str\u00e1nek\" \/>\n<meta property=\"og:url\" content=\"https:\/\/spektrem.cz\/cz\/mapa_stranek\/\" \/>\n<meta property=\"og:site_name\" content=\"SPEKTREM\" \/>\n<meta property=\"article:modified_time\" content=\"2024-02-21T13:06:14+00:00\" \/>\n<meta name=\"twitter:card\" content=\"summary_large_image\" \/>\n<meta name=\"twitter:label1\" content=\"Odhadovan\u00e1 doba \u010dten\u00ed\" \/>\n\t<meta name=\"twitter:data1\" content=\"1 minuta\" \/>\n<script type=\"application\/ld+json\" class=\"yoast-schema-graph\">{\"@context\":\"https:\/\/schema.org\",\"@graph\":[{\"@type\":\"WebPage\",\"@id\":\"https:\/\/spektrem.cz\/mapa_stranek\/\",\"url\":\"https:\/\/spektrem.cz\/mapa_stranek\/\",\"name\":\"MAPA STR\u00c1NEK - SPEKTREM\",\"isPartOf\":{\"@id\":\"https:\/\/spektrem.cz\/cz\/#website\"},\"datePublished\":\"2024-01-02T13:10:53+00:00\",\"dateModified\":\"2024-02-21T13:06:14+00:00\",\"breadcrumb\":{\"@id\":\"https:\/\/spektrem.cz\/mapa_stranek\/#breadcrumb\"},\"inLanguage\":\"cs\",\"potentialAction\":[{\"@type\":\"ReadAction\",\"target\":[\"https:\/\/spektrem.cz\/mapa_stranek\/\"]}]},{\"@type\":\"BreadcrumbList\",\"@id\":\"https:\/\/spektrem.cz\/mapa_stranek\/#breadcrumb\",\"itemListElement\":[{\"@type\":\"ListItem\",\"position\":1,\"name\":\"Dom\u016f\",\"item\":\"https:\/\/spektrem.cz\/cz\/\"},{\"@type\":\"ListItem\",\"position\":2,\"name\":\"MAPA STR\u00c1NEK\"}]},{\"@type\":\"WebSite\",\"@id\":\"https:\/\/spektrem.cz\/cz\/#website\",\"url\":\"https:\/\/spektrem.cz\/cz\/\",\"name\":\"SPEKTREM\",\"description\":\"Zlat\u00e9 \u010desk\u00e9 ru\u010di\u010dky a hlavi\u010dky\",\"publisher\":{\"@id\":\"https:\/\/spektrem.cz\/cz\/#organization\"},\"potentialAction\":[{\"@type\":\"SearchAction\",\"target\":{\"@type\":\"EntryPoint\",\"urlTemplate\":\"https:\/\/spektrem.cz\/cz\/?s={search_term_string}\"},\"query-input\":{\"@type\":\"PropertyValueSpecification\",\"valueRequired\":true,\"valueName\":\"search_term_string\"}}],\"inLanguage\":\"cs\"},{\"@type\":\"Organization\",\"@id\":\"https:\/\/spektrem.cz\/cz\/#organization\",\"name\":\"SPEKTREM\",\"url\":\"https:\/\/spektrem.cz\/cz\/\",\"logo\":{\"@type\":\"ImageObject\",\"inLanguage\":\"cs\",\"@id\":\"https:\/\/spektrem.cz\/cz\/#\/schema\/logo\/image\/\",\"url\":\"https:\/\/spektrem.cz\/wp-content\/uploads\/2024\/01\/logo_spektrem.svg\",\"contentUrl\":\"https:\/\/spektrem.cz\/wp-content\/uploads\/2024\/01\/logo_spektrem.svg\",\"width\":50,\"height\":50,\"caption\":\"SPEKTREM\"},\"image\":{\"@id\":\"https:\/\/spektrem.cz\/cz\/#\/schema\/logo\/image\/\"}}]}<\/script>\n<!-- \/ Yoast SEO plugin. -->","yoast_head_json":{"title":"MAPA STR\u00c1NEK - SPEKTREM","robots":{"index":"index","follow":"follow","max-snippet":"max-snippet:-1","max-image-preview":"max-image-preview:large","max-video-preview":"max-video-preview:-1"},"canonical":"https:\/\/spektrem.cz\/cz\/mapa_stranek\/","og_locale":"cs_CZ","og_type":"article","og_title":"MAPA STR\u00c1NEK - SPEKTREM","og_description":"Mapa str\u00e1nek","og_url":"https:\/\/spektrem.cz\/cz\/mapa_stranek\/","og_site_name":"SPEKTREM","article_modified_time":"2024-02-21T13:06:14+00:00","twitter_card":"summary_large_image","twitter_misc":{"Odhadovan\u00e1 doba \u010dten\u00ed":"1 minuta"},"schema":{"@context":"https:\/\/schema.org","@graph":[{"@type":"WebPage","@id":"https:\/\/spektrem.cz\/mapa_stranek\/","url":"https:\/\/spektrem.cz\/mapa_stranek\/","name":"MAPA STR\u00c1NEK - SPEKTREM","isPartOf":{"@id":"https:\/\/spektrem.cz\/cz\/#website"},"datePublished":"2024-01-02T13:10:53+00:00","dateModified":"2024-02-21T13:06:14+00:00","breadcrumb":{"@id":"https:\/\/spektrem.cz\/mapa_stranek\/#breadcrumb"},"inLanguage":"cs","potentialAction":[{"@type":"ReadAction","target":["https:\/\/spektrem.cz\/mapa_stranek\/"]}]},{"@type":"BreadcrumbList","@id":"https:\/\/spektrem.cz\/mapa_stranek\/#breadcrumb","itemListElement":[{"@type":"ListItem","position":1,"name":"Dom\u016f","item":"https:\/\/spektrem.cz\/cz\/"},{"@type":"ListItem","position":2,"name":"MAPA STR\u00c1NEK"}]},{"@type":"WebSite","@id":"https:\/\/spektrem.cz\/cz\/#website","url":"https:\/\/spektrem.cz\/cz\/","name":"SPEKTREM","description":"Zlat\u00e9 \u010desk\u00e9 ru\u010di\u010dky a hlavi\u010dky","publisher":{"@id":"https:\/\/spektrem.cz\/cz\/#organization"},"potentialAction":[{"@type":"SearchAction","target":{"@type":"EntryPoint","urlTemplate":"https:\/\/spektrem.cz\/cz\/?s={search_term_string}"},"query-input":{"@type":"PropertyValueSpecification","valueRequired":true,"valueName":"search_term_string"}}],"inLanguage":"cs"},{"@type":"Organization","@id":"https:\/\/spektrem.cz\/cz\/#organization","name":"SPEKTREM","url":"https:\/\/spektrem.cz\/cz\/","logo":{"@type":"ImageObject","inLanguage":"cs","@id":"https:\/\/spektrem.cz\/cz\/#\/schema\/logo\/image\/","url":"https:\/\/spektrem.cz\/wp-content\/uploads\/2024\/01\/logo_spektrem.svg","contentUrl":"https:\/\/spektrem.cz\/wp-content\/uploads\/2024\/01\/logo_spektrem.svg","width":50,"height":50,"caption":"SPEKTREM"},"image":{"@id":"https:\/\/spektrem.cz\/cz\/#\/schema\/logo\/image\/"}}]}},"_links":{"self":[{"href":"https:\/\/spektrem.cz\/cz\/wp-json\/wp\/v2\/pages\/176","targetHints":{"allow":["GET"]}}],"collection":[{"href":"https:\/\/spektrem.cz\/cz\/wp-json\/wp\/v2\/pages"}],"about":[{"href":"https:\/\/spektrem.cz\/cz\/wp-json\/wp\/v2\/types\/page"}],"author":[{"embeddable":true,"href":"https:\/\/spektrem.cz\/cz\/wp-json\/wp\/v2\/users\/2"}],"replies":[{"embeddable":true,"href":"https:\/\/spektrem.cz\/cz\/wp-json\/wp\/v2\/comments?post=176"}],"version-history":[{"count":11,"href":"https:\/\/spektrem.cz\/cz\/wp-json\/wp\/v2\/pages\/176\/revisions"}],"predecessor-version":[{"id":1245,"href":"https:\/\/spektrem.cz\/cz\/wp-json\/wp\/v2\/pages\/176\/revisions\/1245"}],"wp:attachment":[{"href":"https:\/\/spektrem.cz\/cz\/wp-json\/wp\/v2\/media?parent=176"}],"curies":[{"name":"wp","href":"https:\/\/api.w.org\/{rel}","templated":true}]}}